{"id":1043,"date":"2016-04-12T15:38:24","date_gmt":"2016-04-12T15:38:24","guid":{"rendered":"http:\/\/villadellangelo.gr\/skiathos\/transportation\/"},"modified":"2017-07-18T16:52:16","modified_gmt":"2017-07-18T16:52:16","slug":"transporti","status":"publish","type":"page","link":"https:\/\/villadellangelo.gr\/it\/transporti\/","title":{"rendered":"TRASPORTI"},"content":{"rendered":"<div class=\"wpb-content-wrapper\"><p>[vc_row row_type=&#8221;row&#8221; use_row_as_full_screen_section=&#8221;no&#8221; type=&#8221;grid&#8221; angled_section=&#8221;no&#8221; text_align=&#8221;left&#8221; background_image_as_pattern=&#8221;without_pattern&#8221; padding_top=&#8221;120&#8243; padding_bottom=&#8221;60&#8243; css_animation=&#8221;&#8221;][vc_column][vc_column_text]<\/p>\n<h2 style=\"text-align: center;\">TRASPORTI<\/h2>\n<p>[\/vc_column_text][vc_empty_space height=&#8221;64px&#8221;][vc_row_inner row_type=&#8221;row&#8221; type=&#8221;full_width&#8221; text_align=&#8221;left&#8221; padding_bottom=&#8221;60&#8243; css_animation=&#8221;&#8221;][vc_column_inner offset=&#8221;vc_col-lg-6 vc_col-md-6 vc_col-xs-12&#8243;][vc_single_image image=&#8221;430&#8243; img_size=&#8221;full&#8221; qode_css_animation=&#8221;element_from_left&#8221; transition_delay=&#8221;1&#8243;][vc_empty_space][\/vc_column_inner][vc_column_inner offset=&#8221;vc_col-lg-6 vc_col-md-6 vc_col-xs-12&#8243;][vc_column_text]<\/p>\n<h4>Taxi<\/h4>\n<p>&nbsp;<\/p>\n<p>Sull\u2019isola di Skiathos ci sono circa 20 taxi, disponibili 24 al giorno, che vi porteranno i tutti i luoghi non raggiungibili con i bus. La stazione dei taxi si trova nel porto, tra la scuola elementare e l\u2019attracco principale. Facendo semplicemente un cenno al taxi, il tassista capir\u00e0 che avete bisogno del suo servizio e, se diponibile, si fermer\u00e0, altrimenti potrete prendere appuntamento chiamando il numero riportato qui sotto:<br \/>\nTel: 2427021460<\/p>\n<p><span style=\"color: #525252; font-family: Arial, Verdana, 'Helvetica san-serif'; font-size: 12px; line-height: 21px;\">\u00a0<\/span>[\/vc_column_text][vc_empty_space][\/vc_column_inner][\/vc_row_inner][vc_row_inner row_type=&#8221;row&#8221; type=&#8221;full_width&#8221; text_align=&#8221;left&#8221; padding_bottom=&#8221;60&#8243; css_animation=&#8221;&#8221;][vc_column_inner offset=&#8221;vc_col-lg-6 vc_col-md-6 vc_col-xs-12&#8243;][vc_column_text]<\/p>\n<h4>Bus<\/h4>\n<p>&nbsp;<\/p>\n<p>La linea principale dei bus di Skiathos collega la citt\u00e0 a Koukounaries. Circa 14 Km di distanza della durata di approssimativamente mezz\u2019ora con 24 fermate: Nei periodi di alta stagione, i bus partono ogni 20 minuti dalle prime ore del mattino fino a dopo la mezzanotte. Inoltre, sempre in alta stagione, \u00e8 consigliabile non prendere il bus per la citt\u00e0 tra il pomeriggio e la prima serata (17:00-19:00) poich\u00e9 la tratta potrebbe essere particolarmente affollata. Il biglietto deve essere acquistato a bordo prima di prendere posto.[\/vc_column_text][vc_empty_space][\/vc_column_inner][vc_column_inner offset=&#8221;vc_col-lg-6 vc_col-md-6 vc_col-xs-12&#8243;][vc_single_image image=&#8221;431&#8243; img_size=&#8221;full&#8221; qode_css_animation=&#8221;element_from_right&#8221; transition_delay=&#8221;1&#8243;][vc_empty_space][\/vc_column_inner][\/vc_row_inner][vc_row_inner row_type=&#8221;row&#8221; type=&#8221;full_width&#8221; text_align=&#8221;left&#8221; padding_bottom=&#8221;60&#8243; css_animation=&#8221;&#8221;][vc_column_inner offset=&#8221;vc_col-lg-6 vc_col-md-6 vc_col-xs-12&#8243;][vc_single_image image=&#8221;432&#8243; img_size=&#8221;full&#8221; qode_css_animation=&#8221;element_from_left&#8221; transition_delay=&#8221;1&#8243;][vc_empty_space][\/vc_column_inner][vc_column_inner offset=&#8221;vc_col-lg-6 vc_col-md-6 vc_col-xs-12&#8243;][vc_column_text]<\/p>\n<h4>Rentals<\/h4>\n<p>[\/vc_column_text][vc_empty_space][\/vc_column_inner][\/vc_row_inner][\/vc_column][\/vc_row][vc_row row_type=&#8221;row&#8221; use_row_as_full_screen_section=&#8221;no&#8221; type=&#8221;full_width&#8221; angled_section=&#8221;no&#8221; text_align=&#8221;left&#8221; background_image_as_pattern=&#8221;without_pattern&#8221; css_animation=&#8221;&#8221;][vc_column][vc_column_text]<\/p>\n<p>[\/vc_column_text][\/vc_column][\/vc_row]<\/p>\n<\/div>","protected":false},"excerpt":{"rendered":"<p>[vc_row row_type=&#8221;row&#8221; use_row_as_full_screen_section=&#8221;no&#8221; type=&#8221;grid&#8221; angled_section=&#8221;no&#8221; text_align=&#8221;left&#8221; background_image_as_pattern=&#8221;without_pattern&#8221; padding_top=&#8221;120&#8243; padding_bottom=&#8221;60&#8243; css_animation=&#8221;&#8221;][vc_column][vc_column_text] TRASPORTI [\/vc_column_text][vc_empty_space height=&#8221;64px&#8221;][vc_row_inner row_type=&#8221;row&#8221; type=&#8221;full_width&#8221; text_align=&#8221;left&#8221; padding_bottom=&#8221;60&#8243; css_animation=&#8221;&#8221;][vc_column_inner offset=&#8221;vc_col-lg-6 vc_col-md-6 vc_col-xs-12&#8243;][vc_single_image image=&#8221;430&#8243; img_size=&#8221;full&#8221; qode_css_animation=&#8221;element_from_left&#8221; transition_delay=&#8221;1&#8243;][vc_empty_space][\/vc_column_inner][vc_column_inner offset=&#8221;vc_col-lg-6 vc_col-md-6 vc_col-xs-12&#8243;][vc_column_text] Taxi &nbsp; Sull\u2019isola di Skiathos ci sono circa 20 taxi, disponibili 24 al giorno, che vi porteranno&#8230;<\/p>\n","protected":false},"author":1,"featured_media":0,"parent":0,"menu_order":0,"comment_status":"closed","ping_status":"closed","template":"","meta":{"footnotes":""},"class_list":["post-1043","page","type-page","status-publish","hentry"],"_links":{"self":[{"href":"https:\/\/villadellangelo.gr\/it\/wp-json\/wp\/v2\/pages\/1043","targetHints":{"allow":["GET"]}}],"collection":[{"href":"https:\/\/villadellangelo.gr\/it\/wp-json\/wp\/v2\/pages"}],"about":[{"href":"https:\/\/villadellangelo.gr\/it\/wp-json\/wp\/v2\/types\/page"}],"author":[{"embeddable":true,"href":"https:\/\/villadellangelo.gr\/it\/wp-json\/wp\/v2\/users\/1"}],"replies":[{"embeddable":true,"href":"https:\/\/villadellangelo.gr\/it\/wp-json\/wp\/v2\/comments?post=1043"}],"version-history":[{"count":1,"href":"https:\/\/villadellangelo.gr\/it\/wp-json\/wp\/v2\/pages\/1043\/revisions"}],"predecessor-version":[{"id":1236,"href":"https:\/\/villadellangelo.gr\/it\/wp-json\/wp\/v2\/pages\/1043\/revisions\/1236"}],"wp:attachment":[{"href":"https:\/\/villadellangelo.gr\/it\/wp-json\/wp\/v2\/media?parent=1043"}],"curies":[{"name":"wp","href":"https:\/\/api.w.org\/{rel}","templated":true}]}}