{"id":1040,"date":"2016-04-12T14:15:42","date_gmt":"2016-04-12T14:15:42","guid":{"rendered":"http:\/\/villadellangelo.gr\/skiathos\/sports\/"},"modified":"2017-07-18T16:52:16","modified_gmt":"2017-07-18T16:52:16","slug":"sport-isola","status":"publish","type":"page","link":"https:\/\/villadellangelo.gr\/it\/sport-isola\/","title":{"rendered":"SPORT"},"content":{"rendered":"<div class=\"wpb-content-wrapper\"><p>[vc_row row_type=&#8221;row&#8221; use_row_as_full_screen_section=&#8221;no&#8221; type=&#8221;grid&#8221; angled_section=&#8221;no&#8221; text_align=&#8221;left&#8221; background_image_as_pattern=&#8221;without_pattern&#8221; padding_top=&#8221;120&#8243; padding_bottom=&#8221;60&#8243; css_animation=&#8221;&#8221;][vc_column][vc_column_text]<\/p>\n<h2 style=\"text-align: center;\">SPORT E ATTIVITA\u2019<\/h2>\n<p>&nbsp;<\/p>\n<p style=\"text-align: center;\">Skiathos \u00e8 ideale la variet\u00e0 di attivit\u00e0 in natura, che soddisfano anche i visitatori pi\u00f9 esigenti. Si possono praticare Sport d\u2019acqua, Trekking, Immersioni Subacquee, Pesca, Equitazione, Vela, Mountain Bike e molte altre attivit\u00e0.<\/p>\n<p>[\/vc_column_text][vc_empty_space height=&#8221;64px&#8221;][vc_row_inner row_type=&#8221;row&#8221; type=&#8221;full_width&#8221; text_align=&#8221;left&#8221; padding_bottom=&#8221;60&#8243; css_animation=&#8221;&#8221;][vc_column_inner offset=&#8221;vc_col-lg-6 vc_col-md-6 vc_col-xs-12&#8243;][vc_single_image image=&#8221;403&#8243; img_size=&#8221;full&#8221; qode_css_animation=&#8221;element_from_left&#8221; transition_delay=&#8221;1&#8243;][vc_empty_space][\/vc_column_inner][vc_column_inner offset=&#8221;vc_col-lg-6 vc_col-md-6 vc_col-xs-12&#8243;][vc_column_text]<\/p>\n<h4>IMMERSIONI<\/h4>\n<p>&nbsp;<\/p>\n<p>Fare immersione a Skiathos \u00e8 un\u2019esperienza fantastica, potrete immergervi con guide esperte e scoprire scogliere, rettili marini e caverne come quella di Poseidone ricca di coralli rossi, e molti altri impressionanti luoghi sottomarini.<\/p>\n<p>Nella spiaggia di Koukounaries, oltre alle varie attivit\u00e0 e agli sport d\u2019acqua, potrete trovare il centro di immersione di Skiathos che organizza escursioni subacquee nelle acque Egee e, in particolare, nel ricchissimo fondale marino di Skiathos.<a class=\"superscript-ext-link\" title=\"\u03b5\u03be\u03c9\u03c4\u03b5\u03c1\u03b9\u03ba\u03cc\u03c2 \u03c3\u03cd\u03bd\u03b4\u03b5\u03c3\u03bc\u03bf\u03c2\" href=\"http:\/\/enjoythessaly.com\/el\/drastiriotites\/katadiseis\/446-scubadiving-skiathos\" target=\"_blank\" rel=\"noopener\"><sup>enjoythessaly.com<\/sup><\/a>.[\/vc_column_text][vc_empty_space][\/vc_column_inner][\/vc_row_inner][vc_row_inner row_type=&#8221;row&#8221; type=&#8221;full_width&#8221; text_align=&#8221;left&#8221; padding_bottom=&#8221;60&#8243; css_animation=&#8221;&#8221;][vc_column_inner offset=&#8221;vc_col-lg-6 vc_col-md-6 vc_col-xs-12&#8243;][vc_column_text]<\/p>\n<h4>SPORT D\u2019ACQUA<\/h4>\n<p>&nbsp;<\/p>\n<p>A Skiathos potrete godere di tantissimi sport d\u2019acqua ed attivit\u00e0 in mare nella maggior parte delle spiagge che circondano l\u2019isola. Potrete fare sci d\u2019acqua, jet-ski, parasailing, watertubes, winfsurf e molto altro, per vivere infiniti momenti di divertimento.<\/p>\n<p>Baster\u00e0 semplicemente visitare la spiaggia di Vasilias e godersi tutte le attivit\u00e0 appena descritte alla Stefanos Ski School.<br \/>\n[\/vc_column_text][vc_empty_space][\/vc_column_inner][vc_column_inner offset=&#8221;vc_col-lg-6 vc_col-md-6 vc_col-xs-12&#8243;][vc_single_image image=&#8221;408&#8243; img_size=&#8221;full&#8221; qode_css_animation=&#8221;element_from_right&#8221; transition_delay=&#8221;1&#8243;][vc_empty_space][\/vc_column_inner][\/vc_row_inner][vc_row_inner row_type=&#8221;row&#8221; type=&#8221;full_width&#8221; text_align=&#8221;left&#8221; padding_bottom=&#8221;60&#8243; css_animation=&#8221;&#8221;][vc_column_inner offset=&#8221;vc_col-lg-6 vc_col-md-6 vc_col-xs-12&#8243;][vc_single_image image=&#8221;410&#8243; img_size=&#8221;full&#8221; qode_css_animation=&#8221;element_from_left&#8221; transition_delay=&#8221;1&#8243;][vc_empty_space][\/vc_column_inner][vc_column_inner offset=&#8221;vc_col-lg-6 vc_col-md-6 vc_col-xs-12&#8243;][vc_column_text]<\/p>\n<h4>EQUITAZIONE<\/h4>\n<p>&nbsp;<\/p>\n<p>Il club di equitazione situato esattamente alle spalle della spiaggia di Koukounaries offe un\u2019esperienza unica nei meravigliosi luoghi di Skiathos ed un\u2019intrigante pausa dal vostro tempo libero nelle acque cristalline del Mar Egeo. <a class=\"superscript-ext-link\" title=\"\u03b5\u03be\u03c9\u03c4\u03b5\u03c1\u03b9\u03ba\u03cc\u03c2 \u03c3\u03cd\u03bd\u03b4\u03b5\u03c3\u03bc\u03bf\u03c2\" href=\"http:\/\/enjoythessaly.com\/el\/drastiriotites\/ipasia\/456-voltamealoga-skiathos\" target=\"_blank\" rel=\"noopener\"><sup>enjoythessaly.com<\/sup><\/a>.<\/p>\n<p>Per ulteriori informazione, leggete questo artico su <a class=\"ext-link\" title=\"\u03b5\u03be\u03c9\u03c4\u03b5\u03c1\u03b9\u03ba\u03cc\u03c2 \u03c3\u03cd\u03bd\u03b4\u03b5\u03c3\u03bc\u03bf\u03c2\" href=\"https:\/\/www.tripadvisor.com\/Attraction_Review-g189499-d6852818-Reviews-Skiathos_Riding_Centre-Skiathos_Sporades.html\" target=\"_blank\" rel=\"noopener\">this tripadvisor.com article<\/a>.[\/vc_column_text][vc_empty_space][\/vc_column_inner][\/vc_row_inner][vc_row_inner row_type=&#8221;row&#8221; type=&#8221;full_width&#8221; text_align=&#8221;left&#8221; padding_bottom=&#8221;60&#8243; css_animation=&#8221;&#8221;][vc_column_inner offset=&#8221;vc_col-lg-6 vc_col-md-6 vc_col-xs-12&#8243;][vc_column_text]<\/p>\n<h4>Mountain Bike<\/h4>\n<p>&nbsp;<\/p>\n<p>Nel periodo da Maggio ad Ottobre, a Skiathos potrete fare mountain bike ogni singolo giorno della settimana. Skiathos \u00e8 un\u2019isola dotata di una morfologia spettacolare ed offre dei sentieri impressionanti tra la ricca vegetazione e i fantastici luoghi naturali. Il giro in bici pu\u00f2 durare tra le 3 e le 5 ore. Il punto di partenza \u00e8 alla fermata del bus N. 3, il percosso locale del bus Skiathos \u2013 Koukounaries, ed \u00e8 l\u2019attivit\u00e0 ideale per chi \u00e8 sopra i 16 anni.<a class=\"superscript-ext-link\" title=\"\u03b5\u03be\u03c9\u03c4\u03b5\u03c1\u03b9\u03ba\u03cc\u03c2 \u03c3\u03cd\u03bd\u03b4\u03b5\u03c3\u03bc\u03bf\u03c2\" href=\"http:\/\/enjoythessaly.com\/el\/drastiriotites\/mountain-bike\/581-mountain-bike-skiathos\" target=\"_blank\" rel=\"noopener\"><sup>enjoythessaly.com<\/sup><\/a>.<\/p>\n<p>Per ulteriori informazione, leggete questo artico su <a class=\"ext-link\" title=\"\u03b5\u03be\u03c9\u03c4\u03b5\u03c1\u03b9\u03ba\u03cc\u03c2 \u03c3\u03cd\u03bd\u03b4\u03b5\u03c3\u03bc\u03bf\u03c2\" href=\"http:\/\/www.skiathosmountainbikes.com\/\" target=\"_blank\" rel=\"noopener\"> Skiathos Mountain Bikes\u00a0<\/a>.[\/vc_column_text][vc_empty_space][\/vc_column_inner][vc_column_inner width=&#8221;1\/2&#8243;][vc_single_image image=&#8221;411&#8243; img_size=&#8221;full&#8221; qode_css_animation=&#8221;element_from_right&#8221; transition_delay=&#8221;1&#8243;][vc_empty_space][\/vc_column_inner][\/vc_row_inner][\/vc_column][\/vc_row][vc_row row_type=&#8221;row&#8221; use_row_as_full_screen_section=&#8221;no&#8221; type=&#8221;full_width&#8221; angled_section=&#8221;no&#8221; text_align=&#8221;left&#8221; background_image_as_pattern=&#8221;without_pattern&#8221; css_animation=&#8221;&#8221;][vc_column][vc_column_text]<\/p>\n<p>[\/vc_column_text][\/vc_column][\/vc_row]<\/p>\n<\/div>","protected":false},"excerpt":{"rendered":"<p>[vc_row row_type=&#8221;row&#8221; use_row_as_full_screen_section=&#8221;no&#8221; type=&#8221;grid&#8221; angled_section=&#8221;no&#8221; text_align=&#8221;left&#8221; background_image_as_pattern=&#8221;without_pattern&#8221; padding_top=&#8221;120&#8243; padding_bottom=&#8221;60&#8243; css_animation=&#8221;&#8221;][vc_column][vc_column_text] SPORT E ATTIVITA\u2019 &nbsp; Skiathos \u00e8 ideale la variet\u00e0 di attivit\u00e0 in natura, che soddisfano anche i visitatori pi\u00f9 esigenti. Si possono praticare Sport d\u2019acqua, Trekking, Immersioni Subacquee, Pesca, Equitazione, Vela, Mountain Bike e molte&#8230;<\/p>\n","protected":false},"author":1,"featured_media":0,"parent":0,"menu_order":0,"comment_status":"closed","ping_status":"closed","template":"","meta":{"footnotes":""},"class_list":["post-1040","page","type-page","status-publish","hentry"],"_links":{"self":[{"href":"https:\/\/villadellangelo.gr\/it\/wp-json\/wp\/v2\/pages\/1040","targetHints":{"allow":["GET"]}}],"collection":[{"href":"https:\/\/villadellangelo.gr\/it\/wp-json\/wp\/v2\/pages"}],"about":[{"href":"https:\/\/villadellangelo.gr\/it\/wp-json\/wp\/v2\/types\/page"}],"author":[{"embeddable":true,"href":"https:\/\/villadellangelo.gr\/it\/wp-json\/wp\/v2\/users\/1"}],"replies":[{"embeddable":true,"href":"https:\/\/villadellangelo.gr\/it\/wp-json\/wp\/v2\/comments?post=1040"}],"version-history":[{"count":1,"href":"https:\/\/villadellangelo.gr\/it\/wp-json\/wp\/v2\/pages\/1040\/revisions"}],"predecessor-version":[{"id":1233,"href":"https:\/\/villadellangelo.gr\/it\/wp-json\/wp\/v2\/pages\/1040\/revisions\/1233"}],"wp:attachment":[{"href":"https:\/\/villadellangelo.gr\/it\/wp-json\/wp\/v2\/media?parent=1040"}],"curies":[{"name":"wp","href":"https:\/\/api.w.org\/{rel}","templated":true}]}}