{"id":1031,"date":"2016-04-12T15:45:49","date_gmt":"2016-04-12T15:45:49","guid":{"rendered":"http:\/\/villadellangelo.gr\/skiathos\/the-island\/"},"modified":"2017-07-18T16:52:16","modified_gmt":"2017-07-18T16:52:16","slug":"l-isola","status":"publish","type":"page","link":"https:\/\/villadellangelo.gr\/it\/l-isola\/","title":{"rendered":"L\u2019ISOLA"},"content":{"rendered":"<div class=\"wpb-content-wrapper\"><p>[vc_row row_type=&#8221;row&#8221; use_row_as_full_screen_section=&#8221;no&#8221; type=&#8221;grid&#8221; angled_section=&#8221;no&#8221; text_align=&#8221;left&#8221; background_image_as_pattern=&#8221;without_pattern&#8221; padding_top=&#8221;120&#8243; padding_bottom=&#8221;60&#8243; css_animation=&#8221;&#8221;][vc_column][vc_column_text]<\/p>\n<h2 style=\"text-align: center;\">L\u2019ISOLA<\/h2>\n<p>&nbsp;<\/p>\n<p style=\"text-align: center;\">Skiathos \u00e8 una piccola isola Greca nella zona nord occidentale del Mar Egeo. Skiathos \u00e8 l\u2019sola pi\u00f9 ad ovest dell\u2019intero arcipelago delle Sporadi del Nord, ad est della penisola del Monte Pelio nell\u2019unit\u00e0 periferica di Magnesia sull\u2019isola principale, e ad ovest dell\u2019isola di Scopelo.<\/p>\n<p>[\/vc_column_text][vc_empty_space height=&#8221;64px&#8221;][vc_row_inner row_type=&#8221;row&#8221; type=&#8221;full_width&#8221; text_align=&#8221;left&#8221; padding_bottom=&#8221;60&#8243; css_animation=&#8221;&#8221;][vc_column_inner offset=&#8221;vc_col-lg-6 vc_col-md-6 vc_col-xs-12&#8243;][vc_single_image image=&#8221;376&#8243; img_size=&#8221;full&#8221; qode_css_animation=&#8221;element_from_left&#8221; transition_delay=&#8221;1&#8243;][vc_empty_space][\/vc_column_inner][vc_column_inner offset=&#8221;vc_col-lg-6 vc_col-md-6 vc_col-xs-12&#8243;][vc_column_text]<\/p>\n<h4>LA CITTA\u2019 DI SKIATHOS (CHORA)<\/h4>\n<p>&nbsp;<\/p>\n<p>La citt\u00e0 di Skiathos \u00e8 la sola zona edificata dell\u2019isola. Sorge nell\u2019estremit\u00e0 nord settentrionale dell\u2019isola, in una baia senza vento che separa in due l\u2019isola di Bourtzi. Si trova in una zona relativamente nuova, costruita tra il 1829 e il 1830 a lato della citt\u00e0 antica, su due colline che affacciano sulla riva del mare. L\u2019antica citt\u00e0 fu costruita nel 800 a.C. Il grande porto naturale della citt\u00e0 moderna perfetto per conformazione e posizione. Difatti \u00e8 stato un elemento fondamentale nella regolazione della vita sia nell\u2019antichit\u00e0 che nel presente.<\/p>\n<p>&nbsp;<\/p>\n<p>Il grande porto naturale della citt\u00e0 moderna \u00e8 ideale sia nella forma che nella posizione. \u00c8 stato un elemento cruciale nel regolare la vita sull\u2019isola sia nel passato che nel presente. Nella moderna citt\u00e0 di Skiathos, le case sono piccole e semplici, la maggior parte su due piani e costruite con conformazione ad anfiteatro una accanto all\u2019altra. Le strade sono strette e senza alcun tipo di pianificazione a parte in alcune zone della citt\u00e0.[\/vc_column_text][vc_empty_space][\/vc_column_inner][\/vc_row_inner][vc_row_inner row_type=&#8221;row&#8221; type=&#8221;full_width&#8221; text_align=&#8221;left&#8221; padding_bottom=&#8221;60&#8243; css_animation=&#8221;&#8221;][vc_column_inner offset=&#8221;vc_col-lg-6 vc_col-md-6 vc_col-xs-12&#8243;][vc_column_text]<\/p>\n<h4>STORIA DI SKIATHOS<\/h4>\n<p>&nbsp;<\/p>\n<p>Nell\u2019Antichit\u00e0 , l\u2019isola giocava un ruolo secondario durante la Guerre Persiane. Nel 490 a.C., la flotta del Re Persiano Serse fu colpita da una tempesta e fu seriamente danneggiata dall\u2019urto con le rocce delle coste di Skiathos.<\/p>\n<p>&nbsp;<\/p>\n<p>In seguito la flotta Greca blocc\u00f2 lo sbocco verso il mare adiacente per impedire l\u2019invasione dei Persiani nell\u2019entroterra e portarono le provvigioni all\u2019armata contrastando i 300 Spartani che difendevano il passaggio a Termopoli. La flotta Persiana fu sconfitta nella battaglia di Capo Artemisio e finalmente distrutta nella Battaglia di Salamina l\u2019anno seguente. Skiathos rimase nella Lega delio-attica fin quando non perse la propria indipendenza. La citt\u00e0 fu distrutta da <a title=\"Filippo V di Macedonia\" href=\"https:\/\/en.wikipedia.org\/wiki\/Philip_V_of_Macedon\" target=\"_blank\" rel=\"noopener\">Filippo V di Macedonia<\/a> nel 200 a.C.<\/p>\n<p>&nbsp;<\/p>\n<div class=\"thumb tright\">\n<div class=\"thumbinner\">\n<div class=\"thumbcaption\">\n<p>&nbsp;<\/p>\n<\/div>\n<\/div>\n<\/div>\n<p>[\/vc_column_text][vc_empty_space][\/vc_column_inner][vc_column_inner offset=&#8221;vc_col-lg-6 vc_col-md-6 vc_col-xs-12&#8243;][vc_single_image image=&#8221;380&#8243; img_size=&#8221;full&#8221; qode_css_animation=&#8221;element_from_right&#8221; transition_delay=&#8221;1&#8243;][vc_empty_space][\/vc_column_inner][\/vc_row_inner][vc_row_inner row_type=&#8221;row&#8221; type=&#8221;full_width&#8221; text_align=&#8221;left&#8221; padding_bottom=&#8221;60&#8243; css_animation=&#8221;&#8221;][vc_column_inner offset=&#8221;vc_col-lg-6 vc_col-md-6 vc_col-xs-12&#8243;][vc_single_image image=&#8221;386&#8243; img_size=&#8221;full&#8221; qode_css_animation=&#8221;element_from_left&#8221; transition_delay=&#8221;1&#8243;][vc_empty_space][\/vc_column_inner][vc_column_inner offset=&#8221;vc_col-lg-6 vc_col-md-6 vc_col-xs-12&#8243;][vc_column_text]<\/p>\n<h4>ARCHITETTURA DI SKIATHOS<\/h4>\n<p>&nbsp;<\/p>\n<p>L\u2019architettura locale tradizionale di Skiathos, che ad oggi sta continuando a scomparire, non ha un carattere tipicamente insulare. Al contrario, \u00e8 un insieme di villaggi a Pelio ed un villaggio insulare per il resto, con elementi neoclassici.<\/p>\n<p>&nbsp;<\/p>\n<p>Sicuramente, tutti questi elementi sono influenzati dalla mentalit\u00e0 dalle preferenze e dai bisogni dei residenti locali. Le case sono piccole nella maggior parte dei casi e costruite molto vicine l\u2019una all\u2019altra su due piani. Sono fatte di pietra internamente, mentre i muri esterni sono imbiancati. Ci sono, per lo pi\u00f9, due tipologie di case, rurale e villette.[\/vc_column_text][vc_empty_space][\/vc_column_inner][\/vc_row_inner][vc_row_inner row_type=&#8221;row&#8221; type=&#8221;full_width&#8221; text_align=&#8221;left&#8221; padding_bottom=&#8221;60&#8243; css_animation=&#8221;&#8221;][vc_column_inner offset=&#8221;vc_col-lg-6 vc_col-md-6 vc_col-xs-12&#8243;][vc_column_text]<\/p>\n<h4>PAPADIAMANTIS DI SKIATHOS<\/h4>\n<p>&nbsp;<\/p>\n<p>I lavori di Alexandros Papadiamantis, che sono oggi riconosciuti a livello internazionale, furono influenzati direttamente dalla sua isola; l\u2019isola dove \u00e8 nato e morto; l\u2019isola che amava e apprezzava pi\u00f9 di qualunque altra cosa. Fu anche influenzato dai residenti dell\u2019isola le cui storie di vita furono ricreate e portate in vita nei suoi scritti. Fu un grande osservatore e studioso della psicologia umana dotato dei valori morali e delle maniere del suo tempo.<\/p>\n<p>&nbsp;<\/p>\n<p>Il suo stile di scrittura imparagonabile e pieno di liricismi diede vita ad opere d\u2019arte delle novelle morali nella moderna Grecia. Come risultato, il suo nome rimanda immediatamente a Skiathos. Al contempo, sentendo la parola \u201cSkiathos\u201d non \u00e8 possibile non pensare a questo straordinario esponente della letteratura la cui personalit\u00e0 ha segnato indelebilmente le sue opere e l\u2019isola stessa.[\/vc_column_text][vc_empty_space][\/vc_column_inner][vc_column_inner width=&#8221;1\/2&#8243;][vc_single_image image=&#8221;388&#8243; img_size=&#8221;full&#8221; qode_css_animation=&#8221;element_from_right&#8221; transition_delay=&#8221;1&#8243;][vc_empty_space][\/vc_column_inner][\/vc_row_inner][\/vc_column][\/vc_row][vc_row row_type=&#8221;row&#8221; use_row_as_full_screen_section=&#8221;no&#8221; type=&#8221;full_width&#8221; angled_section=&#8221;no&#8221; text_align=&#8221;left&#8221; background_image_as_pattern=&#8221;without_pattern&#8221; css_animation=&#8221;&#8221;][vc_column][vc_column_text]<\/p>\n<p>[\/vc_column_text][\/vc_column][\/vc_row]<\/p>\n<\/div>","protected":false},"excerpt":{"rendered":"<p>[vc_row row_type=&#8221;row&#8221; use_row_as_full_screen_section=&#8221;no&#8221; type=&#8221;grid&#8221; angled_section=&#8221;no&#8221; text_align=&#8221;left&#8221; background_image_as_pattern=&#8221;without_pattern&#8221; padding_top=&#8221;120&#8243; padding_bottom=&#8221;60&#8243; css_animation=&#8221;&#8221;][vc_column][vc_column_text] L\u2019ISOLA &nbsp; Skiathos \u00e8 una piccola isola Greca nella zona nord occidentale del Mar Egeo. Skiathos \u00e8 l\u2019sola pi\u00f9 ad ovest dell\u2019intero arcipelago delle Sporadi del Nord, ad est della penisola del Monte Pelio nell\u2019unit\u00e0&#8230;<\/p>\n","protected":false},"author":1,"featured_media":0,"parent":0,"menu_order":0,"comment_status":"closed","ping_status":"closed","template":"","meta":{"footnotes":""},"class_list":["post-1031","page","type-page","status-publish","hentry"],"_links":{"self":[{"href":"https:\/\/villadellangelo.gr\/it\/wp-json\/wp\/v2\/pages\/1031","targetHints":{"allow":["GET"]}}],"collection":[{"href":"https:\/\/villadellangelo.gr\/it\/wp-json\/wp\/v2\/pages"}],"about":[{"href":"https:\/\/villadellangelo.gr\/it\/wp-json\/wp\/v2\/types\/page"}],"author":[{"embeddable":true,"href":"https:\/\/villadellangelo.gr\/it\/wp-json\/wp\/v2\/users\/1"}],"replies":[{"embeddable":true,"href":"https:\/\/villadellangelo.gr\/it\/wp-json\/wp\/v2\/comments?post=1031"}],"version-history":[{"count":1,"href":"https:\/\/villadellangelo.gr\/it\/wp-json\/wp\/v2\/pages\/1031\/revisions"}],"predecessor-version":[{"id":1235,"href":"https:\/\/villadellangelo.gr\/it\/wp-json\/wp\/v2\/pages\/1031\/revisions\/1235"}],"wp:attachment":[{"href":"https:\/\/villadellangelo.gr\/it\/wp-json\/wp\/v2\/media?parent=1031"}],"curies":[{"name":"wp","href":"https:\/\/api.w.org\/{rel}","templated":true}]}}