{"id":1307,"date":"2016-04-12T15:26:18","date_gmt":"2016-04-12T15:26:18","guid":{"rendered":"http:\/\/villadellangelo.gr\/sightseeing-2\/"},"modified":"2017-07-19T14:50:19","modified_gmt":"2017-07-19T14:50:19","slug":"sehenswurdigkeiten","status":"publish","type":"page","link":"https:\/\/villadellangelo.gr\/de\/sehenswurdigkeiten\/","title":{"rendered":"SEHENSW\u00dcRDIGKEITEN"},"content":{"rendered":"<div class=\"wpb-content-wrapper\"><p>[vc_row row_type=&#8220;row&#8220; use_row_as_full_screen_section=&#8220;no&#8220; type=&#8220;grid&#8220; angled_section=&#8220;no&#8220; text_align=&#8220;left&#8220; background_image_as_pattern=&#8220;without_pattern&#8220; padding_top=&#8220;120&#8243; padding_bottom=&#8220;60&#8243; css_animation=&#8220;&#8220;][vc_column][vc_column_text]<\/p>\n<h2 style=\"text-align: center;\">SEHENSW\u00dcRDIGKEITEN<\/h2>\n<p>&nbsp;<\/p>\n<p style=\"text-align: center;\">Touristen k\u00f6nnen Orte wie das Haus des gro\u00dfen griechischen Autors Alexandros Papadiamantis, Bourtzi, das Schloss von Skiathos sowie die traditionellen griechisch-orthodoxen Kirchen und Kl\u00f6ster besuchen.<\/p>\n<p>[\/vc_column_text][vc_empty_space][vc_single_image image=&#8220;436&#8243; img_size=&#8220;full&#8220; alignment=&#8220;center&#8220; qode_css_animation=&#8220;element_from_fade&#8220; transition_delay=&#8220;1&#8243;][vc_empty_space height=&#8220;64px&#8220;][vc_row_inner row_type=&#8220;row&#8220; type=&#8220;full_width&#8220; text_align=&#8220;left&#8220; padding_bottom=&#8220;60&#8243; css_animation=&#8220;&#8220;][vc_column_inner offset=&#8220;vc_col-lg-6 vc_col-md-6 vc_col-xs-12&#8243;][vc_single_image image=&#8220;441&#8243; img_size=&#8220;full&#8220; qode_css_animation=&#8220;element_from_left&#8220; transition_delay=&#8220;1&#8243;][vc_empty_space][\/vc_column_inner][vc_column_inner offset=&#8220;vc_col-lg-6 vc_col-md-6 vc_col-xs-12&#8243;][vc_column_text]<\/p>\n<h4>Bourtzi<\/h4>\n<p>&nbsp;<\/p>\n<p>Bourtzi ist eine kleine Halbinsel, die den neuen vom alten Hafen von Skiathos trennt. Sie sehen die Reste der alten Burg, die im Jahre 1207 von den Br\u00fcdern Grizi erbaut wurde. Heute gibt es dort ein Caf\u00e9, in dem viele Leute gern ihren Kaffee trinken und dabei den Blick auf den Hafen von Skiathos zu genie\u00dfen.[\/vc_column_text][vc_empty_space][\/vc_column_inner][\/vc_row_inner][vc_row_inner row_type=&#8220;row&#8220; type=&#8220;full_width&#8220; text_align=&#8220;left&#8220; padding_bottom=&#8220;60&#8243; css_animation=&#8220;&#8220;][vc_column_inner offset=&#8220;vc_col-lg-6 vc_col-md-6 vc_col-xs-12&#8243;][vc_column_text]<\/p>\n<h4>KIRCHEN &amp; KLOSTER<\/h4>\n<p>&nbsp;<\/p>\n<ul>\n<li>Byzantinische Kirche Christi<\/li>\n<li><a title=\"Evangelistria Monastery, Skiathos\" href=\"https:\/\/en.wikipedia.org\/wiki\/Evangelistria_Monastery,_Skiathos\" target=\"_blank\" rel=\"noopener\">Heiliges Kloster von Evangelistria<\/a><\/li>\n<li>Altes Kloster von Panaghia Ekonistrien<\/li>\n<li>Altes Kloster von Panagia Kechri\u00e0<\/li>\n<li>Kirche von Panagia Limni\u00e0<\/li>\n<li>Kirche von Tris Ier\u00e0rches<\/li>\n<\/ul>\n<p>[\/vc_column_text][vc_empty_space][\/vc_column_inner][vc_column_inner offset=&#8220;vc_col-lg-6 vc_col-md-6 vc_col-xs-12&#8243;][vc_single_image image=&#8220;384&#8243; img_size=&#8220;full&#8220; qode_css_animation=&#8220;element_from_right&#8220; transition_delay=&#8220;1&#8243;][vc_empty_space][\/vc_column_inner][\/vc_row_inner][vc_row_inner row_type=&#8220;row&#8220; type=&#8220;full_width&#8220; text_align=&#8220;left&#8220; padding_bottom=&#8220;60&#8243; css_animation=&#8220;&#8220;][vc_column_inner offset=&#8220;vc_col-lg-6 vc_col-md-6 vc_col-xs-12&#8243;][vc_single_image image=&#8220;443&#8243; img_size=&#8220;full&#8220; qode_css_animation=&#8220;element_from_left&#8220; transition_delay=&#8220;1&#8243;][vc_empty_space][\/vc_column_inner][vc_column_inner offset=&#8220;vc_col-lg-6 vc_col-md-6 vc_col-xs-12&#8243;][vc_column_text]<\/p>\n<h4>PAPADIAMANTIS&#8216; HAUS-MUSEUM<\/h4>\n<p>&nbsp;<\/p>\n<p>Das Museum war auch sein Haus, in dem er wohnte und seine Romane ab 1879 schrieb. Alexandros Papadiamantis war ein ber\u00fchmter griechischer Schriftsteller und sein Haus befindet sich 80 Meter vom Osthafen von Skiathos entfernt.[\/vc_column_text][vc_empty_space][\/vc_column_inner][\/vc_row_inner][\/vc_column][\/vc_row][vc_row row_type=&#8220;row&#8220; use_row_as_full_screen_section=&#8220;no&#8220; type=&#8220;full_width&#8220; angled_section=&#8220;no&#8220; text_align=&#8220;left&#8220; background_image_as_pattern=&#8220;without_pattern&#8220; css_animation=&#8220;&#8220;][vc_column][vc_column_text]<\/p>\n<p>[\/vc_column_text][\/vc_column][\/vc_row]<\/p>\n<\/div>","protected":false},"excerpt":{"rendered":"<p>[vc_row row_type=&#8220;row&#8220; use_row_as_full_screen_section=&#8220;no&#8220; type=&#8220;grid&#8220; angled_section=&#8220;no&#8220; text_align=&#8220;left&#8220; background_image_as_pattern=&#8220;without_pattern&#8220; padding_top=&#8220;120&#8243; padding_bottom=&#8220;60&#8243; css_animation=&#8220;&#8220;][vc_column][vc_column_text] SEHENSW\u00dcRDIGKEITEN &nbsp; Touristen k\u00f6nnen Orte wie das Haus des gro\u00dfen griechischen Autors Alexandros Papadiamantis, Bourtzi, das Schloss von Skiathos sowie die traditionellen griechisch-orthodoxen Kirchen und Kl\u00f6ster besuchen. [\/vc_column_text][vc_empty_space][vc_single_image image=&#8220;436&#8243; img_size=&#8220;full&#8220; alignment=&#8220;center&#8220; qode_css_animation=&#8220;element_from_fade&#8220; transition_delay=&#8220;1&#8243;][vc_empty_space height=&#8220;64px&#8220;][vc_row_inner row_type=&#8220;row&#8220;&#8230;<\/p>\n","protected":false},"author":1,"featured_media":0,"parent":0,"menu_order":0,"comment_status":"closed","ping_status":"closed","template":"","meta":{"footnotes":""},"class_list":["post-1307","page","type-page","status-publish","hentry"],"_links":{"self":[{"href":"https:\/\/villadellangelo.gr\/de\/wp-json\/wp\/v2\/pages\/1307","targetHints":{"allow":["GET"]}}],"collection":[{"href":"https:\/\/villadellangelo.gr\/de\/wp-json\/wp\/v2\/pages"}],"about":[{"href":"https:\/\/villadellangelo.gr\/de\/wp-json\/wp\/v2\/types\/page"}],"author":[{"embeddable":true,"href":"https:\/\/villadellangelo.gr\/de\/wp-json\/wp\/v2\/users\/1"}],"replies":[{"embeddable":true,"href":"https:\/\/villadellangelo.gr\/de\/wp-json\/wp\/v2\/comments?post=1307"}],"version-history":[{"count":1,"href":"https:\/\/villadellangelo.gr\/de\/wp-json\/wp\/v2\/pages\/1307\/revisions"}],"predecessor-version":[{"id":1318,"href":"https:\/\/villadellangelo.gr\/de\/wp-json\/wp\/v2\/pages\/1307\/revisions\/1318"}],"wp:attachment":[{"href":"https:\/\/villadellangelo.gr\/de\/wp-json\/wp\/v2\/media?parent=1307"}],"curies":[{"name":"wp","href":"https:\/\/api.w.org\/{rel}","templated":true}]}}