{"id":1305,"date":"2016-04-12T15:38:24","date_gmt":"2016-04-12T15:38:24","guid":{"rendered":"http:\/\/villadellangelo.gr\/transportation-2\/"},"modified":"2017-07-19T14:50:19","modified_gmt":"2017-07-19T14:50:19","slug":"transport","status":"publish","type":"page","link":"https:\/\/villadellangelo.gr\/de\/transport\/","title":{"rendered":"TRANSPORT"},"content":{"rendered":"<div class=\"wpb-content-wrapper\"><p>[vc_row row_type=&#8220;row&#8220; use_row_as_full_screen_section=&#8220;no&#8220; type=&#8220;grid&#8220; angled_section=&#8220;no&#8220; text_align=&#8220;left&#8220; background_image_as_pattern=&#8220;without_pattern&#8220; padding_top=&#8220;120&#8243; padding_bottom=&#8220;60&#8243; css_animation=&#8220;&#8220;][vc_column][vc_column_text]<\/p>\n<h2 style=\"text-align: center;\">Transport<\/h2>\n<p>[\/vc_column_text][vc_empty_space height=&#8220;64px&#8220;][vc_row_inner row_type=&#8220;row&#8220; type=&#8220;full_width&#8220; text_align=&#8220;left&#8220; padding_bottom=&#8220;60&#8243; css_animation=&#8220;&#8220;][vc_column_inner offset=&#8220;vc_col-lg-6 vc_col-md-6 vc_col-xs-12&#8243;][vc_single_image image=&#8220;430&#8243; img_size=&#8220;full&#8220; qode_css_animation=&#8220;element_from_left&#8220; transition_delay=&#8220;1&#8243;][vc_empty_space][\/vc_column_inner][vc_column_inner offset=&#8220;vc_col-lg-6 vc_col-md-6 vc_col-xs-12&#8243;][vc_column_text]<\/p>\n<h4>Taxi<\/h4>\n<p>&nbsp;<\/p>\n<p>Die Insel Skiathos hat rund 20 Taxis, die 24 Stunden am Tag zur Verf\u00fcgung stehen und Sie \u00fcberall dorthin mitnehmen, wo Busse es nicht tun. Der Taxistand befindet sich am Hafen, zwischen der Grundschule und dem Haupthafen, wo die F\u00e4hren ankommen. Winken Sie irgendwo einem Taxi und der Fahrer wird wissen, dass Sie seine Dienste brauchen und wenn verf\u00fcgbar, wird es anhalten, ansonsten kann man Termine unter Anrufen der untenstehenden Nummer machen:<br \/>\nTel: 2427021460<\/p>\n<p><span style=\"color: #525252; font-family: Arial, Verdana, 'Helvetica san-serif'; font-size: 12px; line-height: 21px;\">\u00a0<\/span>[\/vc_column_text][vc_empty_space][\/vc_column_inner][\/vc_row_inner][vc_row_inner row_type=&#8220;row&#8220; type=&#8220;full_width&#8220; text_align=&#8220;left&#8220; padding_bottom=&#8220;60&#8243; css_animation=&#8220;&#8220;][vc_column_inner offset=&#8220;vc_col-lg-6 vc_col-md-6 vc_col-xs-12&#8243;][vc_column_text]<\/p>\n<h4>Bus<\/h4>\n<p>&nbsp;<\/p>\n<p>Die Buslinie in Skiathos verbindet die Stadt Skiathos mit Koukounaries. Die Fahrt ist rund 14 Kilometer lang und dauert etwa eine halbe Stunde, wobei 24 Bushaltestellen angefahren werden: W\u00e4hrend der Hochsaison fahren die Busse alle 20 Minuten und sie fahren von fr\u00fch am Morgen bis nach Mitternacht. In der Hauptsaison ist es besser, es zwischen dem Nachmittag und dem fr\u00fchen Abend (17.00-19.00) zu vermeiden den Bus in die Stadt zu nehmen, da die Busse sehr voll sein k\u00f6nnen. Sie zahlen die Ticketgeb\u00fchr an Bord, nachdem Sie sich hingesetzt haben.[\/vc_column_text][vc_empty_space][\/vc_column_inner][vc_column_inner offset=&#8220;vc_col-lg-6 vc_col-md-6 vc_col-xs-12&#8243;][vc_single_image image=&#8220;431&#8243; img_size=&#8220;full&#8220; qode_css_animation=&#8220;element_from_right&#8220; transition_delay=&#8220;1&#8243;][vc_empty_space][\/vc_column_inner][\/vc_row_inner][vc_row_inner row_type=&#8220;row&#8220; type=&#8220;full_width&#8220; text_align=&#8220;left&#8220; padding_bottom=&#8220;60&#8243; css_animation=&#8220;&#8220;][vc_column_inner offset=&#8220;vc_col-lg-6 vc_col-md-6 vc_col-xs-12&#8243;][vc_single_image image=&#8220;432&#8243; img_size=&#8220;full&#8220; qode_css_animation=&#8220;element_from_left&#8220; transition_delay=&#8220;1&#8243;][vc_empty_space][\/vc_column_inner][vc_column_inner offset=&#8220;vc_col-lg-6 vc_col-md-6 vc_col-xs-12&#8243;][vc_column_text]<\/p>\n<h4>Rentals<\/h4>\n<p>[\/vc_column_text][vc_empty_space][\/vc_column_inner][\/vc_row_inner][\/vc_column][\/vc_row][vc_row row_type=&#8220;row&#8220; use_row_as_full_screen_section=&#8220;no&#8220; type=&#8220;full_width&#8220; angled_section=&#8220;no&#8220; text_align=&#8220;left&#8220; background_image_as_pattern=&#8220;without_pattern&#8220; css_animation=&#8220;&#8220;][vc_column][vc_column_text]<\/p>\n<p>[\/vc_column_text][\/vc_column][\/vc_row]<\/p>\n<\/div>","protected":false},"excerpt":{"rendered":"<p>[vc_row row_type=&#8220;row&#8220; use_row_as_full_screen_section=&#8220;no&#8220; type=&#8220;grid&#8220; angled_section=&#8220;no&#8220; text_align=&#8220;left&#8220; background_image_as_pattern=&#8220;without_pattern&#8220; padding_top=&#8220;120&#8243; padding_bottom=&#8220;60&#8243; css_animation=&#8220;&#8220;][vc_column][vc_column_text] Transport [\/vc_column_text][vc_empty_space height=&#8220;64px&#8220;][vc_row_inner row_type=&#8220;row&#8220; type=&#8220;full_width&#8220; text_align=&#8220;left&#8220; padding_bottom=&#8220;60&#8243; css_animation=&#8220;&#8220;][vc_column_inner offset=&#8220;vc_col-lg-6 vc_col-md-6 vc_col-xs-12&#8243;][vc_single_image image=&#8220;430&#8243; img_size=&#8220;full&#8220; qode_css_animation=&#8220;element_from_left&#8220; transition_delay=&#8220;1&#8243;][vc_empty_space][\/vc_column_inner][vc_column_inner offset=&#8220;vc_col-lg-6 vc_col-md-6 vc_col-xs-12&#8243;][vc_column_text] Taxi &nbsp; Die Insel Skiathos hat rund 20 Taxis, die 24 Stunden am Tag zur Verf\u00fcgung stehen&#8230;<\/p>\n","protected":false},"author":1,"featured_media":0,"parent":0,"menu_order":0,"comment_status":"closed","ping_status":"closed","template":"","meta":{"footnotes":""},"class_list":["post-1305","page","type-page","status-publish","hentry"],"_links":{"self":[{"href":"https:\/\/villadellangelo.gr\/de\/wp-json\/wp\/v2\/pages\/1305","targetHints":{"allow":["GET"]}}],"collection":[{"href":"https:\/\/villadellangelo.gr\/de\/wp-json\/wp\/v2\/pages"}],"about":[{"href":"https:\/\/villadellangelo.gr\/de\/wp-json\/wp\/v2\/types\/page"}],"author":[{"embeddable":true,"href":"https:\/\/villadellangelo.gr\/de\/wp-json\/wp\/v2\/users\/1"}],"replies":[{"embeddable":true,"href":"https:\/\/villadellangelo.gr\/de\/wp-json\/wp\/v2\/comments?post=1305"}],"version-history":[{"count":1,"href":"https:\/\/villadellangelo.gr\/de\/wp-json\/wp\/v2\/pages\/1305\/revisions"}],"predecessor-version":[{"id":1322,"href":"https:\/\/villadellangelo.gr\/de\/wp-json\/wp\/v2\/pages\/1305\/revisions\/1322"}],"wp:attachment":[{"href":"https:\/\/villadellangelo.gr\/de\/wp-json\/wp\/v2\/media?parent=1305"}],"curies":[{"name":"wp","href":"https:\/\/api.w.org\/{rel}","templated":true}]}}