{"id":1302,"date":"2016-04-12T14:15:42","date_gmt":"2016-04-12T14:15:42","guid":{"rendered":"http:\/\/villadellangelo.gr\/sports-2\/"},"modified":"2017-07-19T14:50:19","modified_gmt":"2017-07-19T14:50:19","slug":"sport","status":"publish","type":"page","link":"https:\/\/villadellangelo.gr\/de\/sport\/","title":{"rendered":"SPORT"},"content":{"rendered":"<div class=\"wpb-content-wrapper\"><p>[vc_row row_type=&#8220;row&#8220; use_row_as_full_screen_section=&#8220;no&#8220; type=&#8220;grid&#8220; angled_section=&#8220;no&#8220; text_align=&#8220;left&#8220; background_image_as_pattern=&#8220;without_pattern&#8220; padding_top=&#8220;120&#8243; padding_bottom=&#8220;60&#8243; css_animation=&#8220;&#8220;][vc_column][vc_column_text]<\/p>\n<h2 style=\"text-align: center;\">SPORT &amp; AKTIVIT\u00c4TEN<\/h2>\n<p>&nbsp;<\/p>\n<p style=\"text-align: center;\">Skiathos ist ideal f\u00fcr eine Vielzahl von Aktivit\u00e4ten in der Natur, die auch den anspruchsvollsten Gast zufrieden stellen wird. Sie werden Wassersport, Trekking, Tauchen, Angeln, Reiten, Segeln, Mountainbike und andere Aktivit\u00e4ten genie\u00dfen k\u00f6nnen.<\/p>\n<p>[\/vc_column_text][vc_empty_space height=&#8220;64px&#8220;][vc_row_inner row_type=&#8220;row&#8220; type=&#8220;full_width&#8220; text_align=&#8220;left&#8220; padding_bottom=&#8220;60&#8243; css_animation=&#8220;&#8220;][vc_column_inner offset=&#8220;vc_col-lg-6 vc_col-md-6 vc_col-xs-12&#8243;][vc_single_image image=&#8220;403&#8243; img_size=&#8220;full&#8220; qode_css_animation=&#8220;element_from_left&#8220; transition_delay=&#8220;1&#8243;][vc_empty_space][\/vc_column_inner][vc_column_inner offset=&#8220;vc_col-lg-6 vc_col-md-6 vc_col-xs-12&#8243;][vc_column_text]<\/p>\n<h4>TAUCHEN<\/h4>\n<p>&nbsp;<\/p>\n<p>Tauchen in Skiathos ist eine gro\u00dfartige Erfahrung, da es Ihnen die M\u00f6glichkeit gibt, mit erfahrenen F\u00fchrern zu tauchen und Riffe, Wracks und H\u00f6hlen zu entdecken, wie die H\u00f6hle des Poseidon mit den roten Korallen und einige andere beeindruckende Sehensw\u00fcrdigkeiten unter Wasser.<\/p>\n<p>Am Koukounaries Strand, zus\u00e4tzlich zu den Aktivit\u00e4ten und Wassersportm\u00f6glichkeiten, finden Sie das Skiathos Tauchzentrum, das in den \u00e4g\u00e4ischen Gew\u00e4ssern und vor allem im reichen Meeresgrund von Skiathos Tauchausfl\u00fcge organisiert.<a class=\"superscript-ext-link\" title=\"\u03b5\u03be\u03c9\u03c4\u03b5\u03c1\u03b9\u03ba\u03cc\u03c2 \u03c3\u03cd\u03bd\u03b4\u03b5\u03c3\u03bc\u03bf\u03c2\" href=\"http:\/\/enjoythessaly.com\/el\/drastiriotites\/katadiseis\/446-scubadiving-skiathos\" target=\"_blank\" rel=\"noopener\"><sup>enjoythessaly.com<\/sup><\/a>.[\/vc_column_text][vc_empty_space][\/vc_column_inner][\/vc_row_inner][vc_row_inner row_type=&#8220;row&#8220; type=&#8220;full_width&#8220; text_align=&#8220;left&#8220; padding_bottom=&#8220;60&#8243; css_animation=&#8220;&#8220;][vc_column_inner offset=&#8220;vc_col-lg-6 vc_col-md-6 vc_col-xs-12&#8243;][vc_column_text]<\/p>\n<h4>WASSERSPORT<\/h4>\n<p>&nbsp;<\/p>\n<p>W\u00e4hrend Sie in Skiathos die M\u00f6glichkeit haben, im Meer an den meisten Str\u00e4nden rund um die Insel eine gro\u00dfe Auswahl an Wassersportarten und Aktivit\u00e4ten zu genie\u00dfen. Sie k\u00f6nnen Wasserski, Jetski, Parasegeln, Wasserrohre, Windsurfing und mehr machen, was Ihnen endlose Momente Spa\u00df bieten wird.<\/p>\n<p>Besuchen Sie einfach den wundersch\u00f6nen Strand von Vasilias und genie\u00dfen Sie alles oben erw\u00e4hnte an der Stefanos Skischule.[\/vc_column_text][vc_empty_space][\/vc_column_inner][vc_column_inner offset=&#8220;vc_col-lg-6 vc_col-md-6 vc_col-xs-12&#8243;][vc_single_image image=&#8220;408&#8243; img_size=&#8220;full&#8220; qode_css_animation=&#8220;element_from_right&#8220; transition_delay=&#8220;1&#8243;][vc_empty_space][\/vc_column_inner][\/vc_row_inner][vc_row_inner row_type=&#8220;row&#8220; type=&#8220;full_width&#8220; text_align=&#8220;left&#8220; padding_bottom=&#8220;60&#8243; css_animation=&#8220;&#8220;][vc_column_inner offset=&#8220;vc_col-lg-6 vc_col-md-6 vc_col-xs-12&#8243;][vc_single_image image=&#8220;410&#8243; img_size=&#8220;full&#8220; qode_css_animation=&#8220;element_from_left&#8220; transition_delay=&#8220;1&#8243;][vc_empty_space][\/vc_column_inner][vc_column_inner offset=&#8220;vc_col-lg-6 vc_col-md-6 vc_col-xs-12&#8243;][vc_column_text]<\/p>\n<h4>REITEN<\/h4>\n<p>&nbsp;<\/p>\n<p>Der Pferde Club befindet sich hinter dem Koukounaries Strand und bietet ein einzigartiges Erlebnis an den sch\u00f6nen Stellen von Skiathos und eine interessante Pause von der Entspannung im kristallklaren Wasser der \u00c4g\u00e4is. F\u00fcr weitere Informationen k\u00f6nnen Sie diesen Artikel des Tripadvisor.com lesen <a class=\"superscript-ext-link\" title=\"\u03b5\u03be\u03c9\u03c4\u03b5\u03c1\u03b9\u03ba\u03cc\u03c2 \u03c3\u03cd\u03bd\u03b4\u03b5\u03c3\u03bc\u03bf\u03c2\" href=\"http:\/\/enjoythessaly.com\/el\/drastiriotites\/ipasia\/456-voltamealoga-skiathos\" target=\"_blank\" rel=\"noopener\"><sup>enjoythessaly.com<\/sup><\/a>.<\/p>\n<p>[\/vc_column_text][vc_empty_space][\/vc_column_inner][\/vc_row_inner][vc_row_inner row_type=&#8220;row&#8220; type=&#8220;full_width&#8220; text_align=&#8220;left&#8220; padding_bottom=&#8220;60&#8243; css_animation=&#8220;&#8220;][vc_column_inner offset=&#8220;vc_col-lg-6 vc_col-md-6 vc_col-xs-12&#8243;][vc_column_text]<\/p>\n<h4>MountainBiking<\/h4>\n<p>&nbsp;<\/p>\n<p>In der Zeit von Mai bis Oktober k\u00f6nnen Sie in Skiathos jeden Tag der Woche mit dem Mountainbike fahren. Skiathos ist eine Insel mit beeindruckender Morphologie und bietet eine herrliche Route durch reiche Vegetation und wunderbare Naturgebiete. Ihre Fahrradtouren k\u00f6nnen zwischen 3 bis 5 Stunden dauern. Der Startpunkt ist an der Bushaltestelle Nr. 3, der \u00f6rtlichen Buslinie Skiathos-Koukounaries und die Aktivit\u00e4t ist ideal f\u00fcr alle \u00fcber 16 Jahre alt.<a class=\"superscript-ext-link\" title=\"\u03b5\u03be\u03c9\u03c4\u03b5\u03c1\u03b9\u03ba\u03cc\u03c2 \u03c3\u03cd\u03bd\u03b4\u03b5\u03c3\u03bc\u03bf\u03c2\" href=\"http:\/\/enjoythessaly.com\/el\/drastiriotites\/mountain-bike\/581-mountain-bike-skiathos\" target=\"_blank\" rel=\"noopener\"><sup>enjoythessaly.com<\/sup><\/a>.[\/vc_column_text][vc_empty_space][\/vc_column_inner][vc_column_inner width=&#8220;1\/2&#8243;][vc_single_image image=&#8220;411&#8243; img_size=&#8220;full&#8220; qode_css_animation=&#8220;element_from_right&#8220; transition_delay=&#8220;1&#8243;][vc_empty_space][\/vc_column_inner][\/vc_row_inner][\/vc_column][\/vc_row][vc_row row_type=&#8220;row&#8220; use_row_as_full_screen_section=&#8220;no&#8220; type=&#8220;full_width&#8220; angled_section=&#8220;no&#8220; text_align=&#8220;left&#8220; background_image_as_pattern=&#8220;without_pattern&#8220; css_animation=&#8220;&#8220;][vc_column][vc_column_text]<\/p>\n<p>[\/vc_column_text][\/vc_column][\/vc_row]<\/p>\n<\/div>","protected":false},"excerpt":{"rendered":"<p>[vc_row row_type=&#8220;row&#8220; use_row_as_full_screen_section=&#8220;no&#8220; type=&#8220;grid&#8220; angled_section=&#8220;no&#8220; text_align=&#8220;left&#8220; background_image_as_pattern=&#8220;without_pattern&#8220; padding_top=&#8220;120&#8243; padding_bottom=&#8220;60&#8243; css_animation=&#8220;&#8220;][vc_column][vc_column_text] SPORT &amp; AKTIVIT\u00c4TEN &nbsp; Skiathos ist ideal f\u00fcr eine Vielzahl von Aktivit\u00e4ten in der Natur, die auch den anspruchsvollsten Gast zufrieden stellen wird. Sie werden Wassersport, Trekking, Tauchen, Angeln, Reiten, Segeln, Mountainbike und andere Aktivit\u00e4ten&#8230;<\/p>\n","protected":false},"author":1,"featured_media":0,"parent":0,"menu_order":0,"comment_status":"closed","ping_status":"closed","template":"","meta":{"footnotes":""},"class_list":["post-1302","page","type-page","status-publish","hentry"],"_links":{"self":[{"href":"https:\/\/villadellangelo.gr\/de\/wp-json\/wp\/v2\/pages\/1302","targetHints":{"allow":["GET"]}}],"collection":[{"href":"https:\/\/villadellangelo.gr\/de\/wp-json\/wp\/v2\/pages"}],"about":[{"href":"https:\/\/villadellangelo.gr\/de\/wp-json\/wp\/v2\/types\/page"}],"author":[{"embeddable":true,"href":"https:\/\/villadellangelo.gr\/de\/wp-json\/wp\/v2\/users\/1"}],"replies":[{"embeddable":true,"href":"https:\/\/villadellangelo.gr\/de\/wp-json\/wp\/v2\/comments?post=1302"}],"version-history":[{"count":1,"href":"https:\/\/villadellangelo.gr\/de\/wp-json\/wp\/v2\/pages\/1302\/revisions"}],"predecessor-version":[{"id":1319,"href":"https:\/\/villadellangelo.gr\/de\/wp-json\/wp\/v2\/pages\/1302\/revisions\/1319"}],"wp:attachment":[{"href":"https:\/\/villadellangelo.gr\/de\/wp-json\/wp\/v2\/media?parent=1302"}],"curies":[{"name":"wp","href":"https:\/\/api.w.org\/{rel}","templated":true}]}}