{"id":1299,"date":"2016-04-12T15:31:18","date_gmt":"2016-04-12T15:31:18","guid":{"rendered":"http:\/\/villadellangelo.gr\/routes-2\/"},"modified":"2017-07-19T14:50:19","modified_gmt":"2017-07-19T14:50:19","slug":"ausfluge","status":"publish","type":"page","link":"https:\/\/villadellangelo.gr\/de\/ausfluge\/","title":{"rendered":"AUSFL\u00dcGE"},"content":{"rendered":"<div class=\"wpb-content-wrapper\"><p>[vc_row row_type=&#8220;row&#8220; use_row_as_full_screen_section=&#8220;no&#8220; type=&#8220;grid&#8220; angled_section=&#8220;no&#8220; text_align=&#8220;left&#8220; background_image_as_pattern=&#8220;without_pattern&#8220; padding_top=&#8220;120&#8243; padding_bottom=&#8220;60&#8243; css_animation=&#8220;&#8220;][vc_column][vc_column_text]<\/p>\n<h2 style=\"text-align: center;\">AUSFL\u00dcGE<\/h2>\n<p>&nbsp;<\/p>\n<p id=\"tw-target-text\" dir=\"ltr\" data-placeholder=\"Translation\"><span lang=\"en\">Von Villa dell &#8218;Angelo Studios und Appartements in Kolios Strand, k\u00f6nnen Sie &#8211; innerhalb kurzer Zeit &#8211; zu all den sch\u00f6nen Str\u00e4nden im S\u00fcden und Osten der Insel gelangen. Wenn Sie die Str\u00e4nde und Sehensw\u00fcrdigkeiten der n\u00f6rdlichen und westlichen Teil der Insel entdecken m\u00f6chten, sind die Entfernungen in Skiathos klein und voller sch\u00f6ner Wanderwege.<\/span><\/p>\n<p>[\/vc_column_text][vc_empty_space height=&#8220;64px&#8220;][vc_row_inner row_type=&#8220;row&#8220; type=&#8220;full_width&#8220; text_align=&#8220;left&#8220; padding_bottom=&#8220;60&#8243; css_animation=&#8220;element_from_fade&#8220; transition_delay=&#8220;1&#8243;][vc_column_inner offset=&#8220;vc_col-lg-6 vc_col-md-6 vc_col-xs-12&#8243;][vc_column_text][intergeo id=&#8220;wYjN&#8220;][\/intergeo][\/vc_column_text][vc_empty_space][\/vc_column_inner][vc_column_inner offset=&#8220;vc_col-lg-6 vc_col-md-6 vc_col-xs-12&#8243;][vc_column_text]<\/p>\n<h4>VILLA DELL&#8216; ANGELO &lt;\u2013&gt; HAFEN<\/h4>\n<p>&nbsp;<\/p>\n<p id=\"tw-target-text\" dir=\"ltr\" data-placeholder=\"Translation\"><span lang=\"en\">Nur 8 km von &#8218;Villa dell&#8216; Angelo Studios und Appartements entfernt befindet sich der Hafen und die Stadt Skiathos.<\/span><\/p>\n<p>[\/vc_column_text][vc_empty_space][\/vc_column_inner][\/vc_row_inner][vc_row_inner row_type=&#8220;row&#8220; type=&#8220;full_width&#8220; text_align=&#8220;left&#8220; padding_bottom=&#8220;60&#8243; css_animation=&#8220;element_from_fade&#8220; transition_delay=&#8220;1&#8243;][vc_column_inner offset=&#8220;vc_col-lg-6 vc_col-md-6 vc_col-xs-12&#8243;][vc_column_text]<\/p>\n<h4>VILLA DELL&#8216; ANGELO \u2190\u2192 FLUGHAFEN<\/h4>\n<p>&nbsp;<\/p>\n<p id=\"tw-target-text\" class=\"tw-data-text vk_txt tw-ta tw-text-small\" dir=\"ltr\" data-placeholder=\"Translation\"><span lang=\"en\">Der Flughafen von Skiathos ist nur 8,5 km entfernt von den Villa dell&#8216; Angelo Studios und Appartements (oder 15 Minuten mit dem Auto).<\/span><\/p>\n<p>[\/vc_column_text][vc_empty_space][\/vc_column_inner][vc_column_inner offset=&#8220;vc_col-lg-6 vc_col-md-6 vc_col-xs-12&#8243;][vc_column_text][intergeo id=&#8220;1QzN&#8220;][\/intergeo][\/vc_column_text][vc_empty_space][\/vc_column_inner][\/vc_row_inner][vc_row_inner row_type=&#8220;row&#8220; type=&#8220;full_width&#8220; text_align=&#8220;left&#8220; padding_bottom=&#8220;60&#8243; css_animation=&#8220;element_from_fade&#8220; transition_delay=&#8220;1&#8243;][vc_column_inner offset=&#8220;vc_col-lg-6 vc_col-md-6 vc_col-xs-12&#8243;][vc_column_text][intergeo id=&#8220;2QzN&#8220;][\/intergeo][\/vc_column_text][vc_empty_space][\/vc_column_inner][vc_column_inner offset=&#8220;vc_col-lg-6 vc_col-md-6 vc_col-xs-12&#8243;][vc_column_text]<\/p>\n<h4>VILLA DELL &#8218;ANGELO &lt;\u2013&gt; KOUKOUNARIES STRAND<\/h4>\n<p>&nbsp;<\/p>\n<p id=\"tw-target-text\" class=\"tw-data-text vk_txt tw-ta tw-text-small\" dir=\"ltr\" data-placeholder=\"Translation\"><span lang=\"en\">Der ber\u00fchmte Strand Koukounaries befindet sich nur 5 km von den Villa dell&#8216; Angelo Studios und Appartements entfernt.<\/span><\/p>\n<p>[\/vc_column_text][vc_empty_space][\/vc_column_inner][\/vc_row_inner][vc_row_inner row_type=&#8220;row&#8220; type=&#8220;full_width&#8220; text_align=&#8220;left&#8220; padding_bottom=&#8220;60&#8243; css_animation=&#8220;element_from_fade&#8220; transition_delay=&#8220;1&#8243;][vc_column_inner offset=&#8220;vc_col-lg-6 vc_col-md-6 vc_col-xs-12&#8243;][vc_column_text]<\/p>\n<h4>VILLA DELL &#8218;ANGELO &lt;\u2013&gt; VROMOLIMNOS STRAND<\/h4>\n<p>&nbsp;<\/p>\n<p>Der herrliche Strand von Vromolimnos ist weniger als 1 km von den Villa dell&#8216; Angelo Studios und Appartements entfernt.[\/vc_column_text][vc_empty_space][\/vc_column_inner][vc_column_inner width=&#8220;1\/2&#8243;][vc_column_text][intergeo id=&#8220;3QzN&#8220;][\/intergeo][\/vc_column_text][vc_empty_space][\/vc_column_inner][\/vc_row_inner][vc_row_inner row_type=&#8220;row&#8220; type=&#8220;full_width&#8220; text_align=&#8220;left&#8220; padding_bottom=&#8220;60&#8243; css_animation=&#8220;element_from_fade&#8220; transition_delay=&#8220;1&#8243;][vc_column_inner offset=&#8220;vc_col-lg-6 vc_col-md-6 vc_col-xs-12&#8243;][vc_column_text][intergeo id=&#8220;4QzN&#8220;][\/intergeo][\/vc_column_text][vc_empty_space][\/vc_column_inner][vc_column_inner offset=&#8220;vc_col-lg-6 vc_col-md-6 vc_col-xs-12&#8243;][vc_column_text]<\/p>\n<h4>VILLA DELL &#8218;ANGELO &lt;\u2013&gt; KOLIOS STRAND<\/h4>\n<p>Der ruhige Strand von Kolios ist nur 4 Minuten zu Fu\u00df von den Studios und Appartements Villa dell&#8216; Angelo entfernt.[\/vc_column_text][\/vc_column_inner][\/vc_row_inner][\/vc_column][\/vc_row][vc_row row_type=&#8220;row&#8220; use_row_as_full_screen_section=&#8220;no&#8220; type=&#8220;full_width&#8220; angled_section=&#8220;no&#8220; text_align=&#8220;left&#8220; background_image_as_pattern=&#8220;without_pattern&#8220; css_animation=&#8220;&#8220;][vc_column][vc_column_text]<\/p>\n<p>[\/vc_column_text][\/vc_column][\/vc_row]<\/p>\n<\/div>","protected":false},"excerpt":{"rendered":"<p>[vc_row row_type=&#8220;row&#8220; use_row_as_full_screen_section=&#8220;no&#8220; type=&#8220;grid&#8220; angled_section=&#8220;no&#8220; text_align=&#8220;left&#8220; background_image_as_pattern=&#8220;without_pattern&#8220; padding_top=&#8220;120&#8243; padding_bottom=&#8220;60&#8243; css_animation=&#8220;&#8220;][vc_column][vc_column_text] AUSFL\u00dcGE &nbsp; Von Villa dell &#8218;Angelo Studios und Appartements in Kolios Strand, k\u00f6nnen Sie &#8211; innerhalb kurzer Zeit &#8211; zu all den sch\u00f6nen Str\u00e4nden im S\u00fcden und Osten der Insel gelangen. Wenn Sie die Str\u00e4nde&#8230;<\/p>\n","protected":false},"author":1,"featured_media":0,"parent":0,"menu_order":0,"comment_status":"closed","ping_status":"closed","template":"","meta":{"footnotes":""},"class_list":["post-1299","page","type-page","status-publish","hentry"],"_links":{"self":[{"href":"https:\/\/villadellangelo.gr\/de\/wp-json\/wp\/v2\/pages\/1299","targetHints":{"allow":["GET"]}}],"collection":[{"href":"https:\/\/villadellangelo.gr\/de\/wp-json\/wp\/v2\/pages"}],"about":[{"href":"https:\/\/villadellangelo.gr\/de\/wp-json\/wp\/v2\/types\/page"}],"author":[{"embeddable":true,"href":"https:\/\/villadellangelo.gr\/de\/wp-json\/wp\/v2\/users\/1"}],"replies":[{"embeddable":true,"href":"https:\/\/villadellangelo.gr\/de\/wp-json\/wp\/v2\/comments?post=1299"}],"version-history":[{"count":1,"href":"https:\/\/villadellangelo.gr\/de\/wp-json\/wp\/v2\/pages\/1299\/revisions"}],"predecessor-version":[{"id":1317,"href":"https:\/\/villadellangelo.gr\/de\/wp-json\/wp\/v2\/pages\/1299\/revisions\/1317"}],"wp:attachment":[{"href":"https:\/\/villadellangelo.gr\/de\/wp-json\/wp\/v2\/media?parent=1299"}],"curies":[{"name":"wp","href":"https:\/\/api.w.org\/{rel}","templated":true}]}}