{"id":1296,"date":"2016-04-12T15:42:33","date_gmt":"2016-04-12T15:42:33","guid":{"rendered":"http:\/\/villadellangelo.gr\/the-beaches-2\/"},"modified":"2017-07-19T14:50:19","modified_gmt":"2017-07-19T14:50:19","slug":"die-strande","status":"publish","type":"page","link":"https:\/\/villadellangelo.gr\/de\/die-strande\/","title":{"rendered":"DIE STR\u00c4NDE"},"content":{"rendered":"<div class=\"wpb-content-wrapper\"><p>[vc_row row_type=&#8220;row&#8220; use_row_as_full_screen_section=&#8220;no&#8220; type=&#8220;grid&#8220; angled_section=&#8220;no&#8220; text_align=&#8220;left&#8220; background_image_as_pattern=&#8220;without_pattern&#8220; padding_top=&#8220;120&#8243; padding_bottom=&#8220;60&#8243; css_animation=&#8220;&#8220;][vc_column][vc_column_text]<\/p>\n<h2 style=\"text-align: center;\">DIE STR\u00c4NDE<\/h2>\n<p>&nbsp;<\/p>\n<p style=\"text-align: center;\">Die kosmopolitische Insel auf den n\u00f6rdlichen Sporaden (mit einer Fl\u00e4che von 45 Quadratkilometern ist f\u00fcr Tausende von Touristen in nur ein paar Jahren zum Spitzen-Urlaubsort geworden. Es kann mit dem Boot von Volos Hafen (41 n.m.) erreicht werden und es ist ein internationales Reiseziel f\u00fcr Touristen.<\/p>\n<p>[\/vc_column_text][vc_empty_space height=&#8220;64px&#8220;][vc_row_inner row_type=&#8220;row&#8220; type=&#8220;full_width&#8220; text_align=&#8220;left&#8220; padding_bottom=&#8220;60&#8243; css_animation=&#8220;&#8220;][vc_column_inner offset=&#8220;vc_col-lg-6 vc_col-md-6 vc_col-xs-12&#8243;][vc_single_image image=&#8220;392&#8243; img_size=&#8220;full&#8220; qode_css_animation=&#8220;element_from_left&#8220; transition_delay=&#8220;1&#8243;][vc_empty_space][\/vc_column_inner][vc_column_inner offset=&#8220;vc_col-lg-6 vc_col-md-6 vc_col-xs-12&#8243;][vc_column_text]<\/p>\n<h4>KOUKOUNARIES<\/h4>\n<p>&nbsp;<\/p>\n<p>Dies ist der ber\u00fchmteste Strand von Skiathos und eines der am meisten bekannten Str\u00e4nde in Europa. Da dort der Sand extrem fein ist und unter der Sommersonne gl\u00e4nzt, ist er als \u201eChrisi Ammos &#8211; Goldener Sand\u201c bekannt. Dieser Strand bietet den Besuchern ein tiefblaues, kristallklares Wasser und eine einmalige Gelegenheit f\u00fcr einen Ausflug, da der Wald von Koukounaries bis zum Meer reicht. In diesem Wald gibt es die Lagune von Strofylia, die zusammen mit dem Wald von Koukounaries einen sch\u00f6nen aquatischen Naturpark ergibt. Dieser ist unter dem Schutz der Gemeinde Skiathos. Es gibt eine gro\u00dfe Auswahl an Hotels, Hostels, Campingpl\u00e4tze, Tavernen, Restaurants, Bars, \u201eOuzeri\u201c und Cafes in Koukounaries. Sie k\u00f6nnen auch die Wassersportarten Ihrer Wahl aus\u00fcben, oder sogar ein Boot mieten oder Tennis spielen in einem der Hotels in der N\u00e4he. Der Strand von Koukounaries liegt an der s\u00fcdwestlichen Spitze von Skiathos. Abgesehen von all dem oben beschriebenen, ist der Sonnenuntergang hier spektakul\u00e4r und es ist wirklich wert, dies zu erleben.[\/vc_column_text][vc_empty_space][\/vc_column_inner][\/vc_row_inner][vc_row_inner row_type=&#8220;row&#8220; type=&#8220;full_width&#8220; text_align=&#8220;left&#8220; padding_bottom=&#8220;60&#8243; css_animation=&#8220;&#8220;][vc_column_inner offset=&#8220;vc_col-lg-6 vc_col-md-6 vc_col-xs-12&#8243;][vc_column_text]<\/p>\n<h4>Lalaria<\/h4>\n<p>&nbsp;<\/p>\n<p>Lalaria ist einer der sch\u00f6nsten und malerischsten Str\u00e4nde Griechenlands und liegt an der nord\u00f6stlichen Spitze der Insel. Die n\u00f6rdlichen Winde wehen mit Wut auf den steilen, rein wei\u00dfen Klippen, die eindrucksvoll \u00fcber das Meer emporsteigen. Ihre Winde haben in Millionen von Jahren die runden, wei\u00dfen Kieselsteinen namens \u201eLalaria\u201c geschaffen, die den ganzen Strand bedecken.[\/vc_column_text][vc_empty_space][\/vc_column_inner][vc_column_inner offset=&#8220;vc_col-lg-6 vc_col-md-6 vc_col-xs-12&#8243;][vc_single_image image=&#8220;393&#8243; img_size=&#8220;full&#8220; qode_css_animation=&#8220;element_from_right&#8220; transition_delay=&#8220;1&#8243;][vc_empty_space][\/vc_column_inner][\/vc_row_inner][vc_row_inner row_type=&#8220;row&#8220; type=&#8220;full_width&#8220; text_align=&#8220;left&#8220; padding_bottom=&#8220;60&#8243; css_animation=&#8220;&#8220;][vc_column_inner offset=&#8220;vc_col-lg-6 vc_col-md-6 vc_col-xs-12&#8243;][vc_single_image image=&#8220;394&#8243; img_size=&#8220;full&#8220; qode_css_animation=&#8220;element_from_left&#8220; transition_delay=&#8220;1&#8243;][vc_empty_space][\/vc_column_inner][vc_column_inner offset=&#8220;vc_col-lg-6 vc_col-md-6 vc_col-xs-12&#8243;][vc_column_text]<\/p>\n<h4>Vromolimnos<\/h4>\n<p>&nbsp;<\/p>\n<p>Auf der westlichen Spitze des Kaps von Kalamaki und vor einem trockenen Sumpf befindet sich dieser wundersch\u00f6ne Strand mit ruhigem, klarem Wasser und herrlichem feinen Sand. Er ist voller Leben und viele junge Leute versammeln sich hier. Neben dem Wasser gibt es Tavernen und Cafes, ein Beach Volley Platz und Wassersportm\u00f6glichkeiten. Sie k\u00f6nnen Vromolimnos auf der Stra\u00dfe oder mit dem Boot vom Hafen von Skiathos erreichen.[\/vc_column_text][vc_empty_space][\/vc_column_inner][\/vc_row_inner][vc_row_inner row_type=&#8220;row&#8220; type=&#8220;full_width&#8220; text_align=&#8220;left&#8220; padding_bottom=&#8220;60&#8243; css_animation=&#8220;&#8220;][vc_column_inner offset=&#8220;vc_col-lg-6 vc_col-md-6 vc_col-xs-12&#8243;][vc_column_text]<\/p>\n<h4>Xanemos<\/h4>\n<p>&nbsp;<\/p>\n<p>Dies ist ein Gebiet an der nord\u00f6stlichen K\u00fcste der Insel mit drei Str\u00e4nden von unvergleichlicher Sch\u00f6nheit. Sie sind nicht sandig, sondern mit dicken Kieselsteinen bedeckt. Das Wasser ist klar und k\u00fchl. Die Aussicht ist hervorragend, da diese Str\u00e4nde genau gegen\u00fcber Skopelos liegen. In Xanemos und auf dem Gel\u00e4nde Kefala wurden Ruinen einer pr\u00e4historischen Siedlung entdeckt. Es gibt eine Kantine mit Kaffee, Getr\u00e4nken und kalten Snacks. Xanemos ist 2,5 km von der Stadt Skiathos entfernt und man kann es erreichen, wenn Sie die Stra\u00dfe zum Flughafen nehmen. Es gibt Hostels, vermietete Zimmer und ein Hotel in der Gegend. Es gibt auch \u00f6ffentliche Verkehrsmittel von der Stadt Skiathos.[\/vc_column_text][vc_empty_space][\/vc_column_inner][vc_column_inner width=&#8220;1\/2&#8243;][vc_single_image image=&#8220;395&#8243; img_size=&#8220;full&#8220; qode_css_animation=&#8220;element_from_right&#8220; transition_delay=&#8220;1&#8243;][vc_empty_space][\/vc_column_inner][\/vc_row_inner][vc_row_inner row_type=&#8220;row&#8220; type=&#8220;full_width&#8220; text_align=&#8220;left&#8220; css_animation=&#8220;&#8220;][vc_column_inner][\/vc_column_inner][\/vc_row_inner][vc_row_inner row_type=&#8220;row&#8220; type=&#8220;full_width&#8220; text_align=&#8220;left&#8220; padding_bottom=&#8220;60&#8243; css_animation=&#8220;&#8220;][vc_column_inner offset=&#8220;vc_col-lg-6 vc_col-md-6 vc_col-xs-12&#8243;][vc_single_image image=&#8220;400&#8243; img_size=&#8220;full&#8220; qode_css_animation=&#8220;element_from_left&#8220; transition_delay=&#8220;1&#8243;][vc_empty_space][\/vc_column_inner][vc_column_inner offset=&#8220;vc_col-lg-6 vc_col-md-6 vc_col-xs-12&#8243;][vc_column_text]<\/p>\n<h4>BANANE<\/h4>\n<p>&nbsp;<\/p>\n<p>Diese Bucht wurde urspr\u00fcnglich Krassa genannt, aber sp\u00e4ter wurde sie Banana nach dem FKK-Strand genannt, der fr\u00fcher dort war. Die Kiefern hier vervollst\u00e4ndigen die sch\u00f6ne Landschaft in einer einzigartigen Art und Weise und das Meer scheint unter der prallen Sonne zu gl\u00e4nzen. Wenn Sie sich entscheiden, mit dem Bus nach Banana zu fahren, seien Sie bereit, von der n\u00e4chsten Bushaltestelle f\u00fcr eine Weile zu Fu\u00df zu gehen. Der Strand ist ein Treffpunkt f\u00fcr viele junge Menschen, da es M\u00f6glichkeiten f\u00fcr Wassersport, Tavernen und Cafeterien voller Leben und Action bietet.[\/vc_column_text][vc_empty_space][\/vc_column_inner][\/vc_row_inner][\/vc_column][\/vc_row][vc_row row_type=&#8220;row&#8220; use_row_as_full_screen_section=&#8220;no&#8220; type=&#8220;full_width&#8220; angled_section=&#8220;no&#8220; text_align=&#8220;left&#8220; background_image_as_pattern=&#8220;without_pattern&#8220; css_animation=&#8220;&#8220;][vc_column][vc_column_text]<\/p>\n<p>[\/vc_column_text][\/vc_column][\/vc_row]<\/p>\n<\/div>","protected":false},"excerpt":{"rendered":"<p>[vc_row row_type=&#8220;row&#8220; use_row_as_full_screen_section=&#8220;no&#8220; type=&#8220;grid&#8220; angled_section=&#8220;no&#8220; text_align=&#8220;left&#8220; background_image_as_pattern=&#8220;without_pattern&#8220; padding_top=&#8220;120&#8243; padding_bottom=&#8220;60&#8243; css_animation=&#8220;&#8220;][vc_column][vc_column_text] DIE STR\u00c4NDE &nbsp; Die kosmopolitische Insel auf den n\u00f6rdlichen Sporaden (mit einer Fl\u00e4che von 45 Quadratkilometern ist f\u00fcr Tausende von Touristen in nur ein paar Jahren zum Spitzen-Urlaubsort geworden. Es kann mit dem Boot von&#8230;<\/p>\n","protected":false},"author":1,"featured_media":0,"parent":0,"menu_order":0,"comment_status":"closed","ping_status":"closed","template":"","meta":{"footnotes":""},"class_list":["post-1296","page","type-page","status-publish","hentry"],"_links":{"self":[{"href":"https:\/\/villadellangelo.gr\/de\/wp-json\/wp\/v2\/pages\/1296","targetHints":{"allow":["GET"]}}],"collection":[{"href":"https:\/\/villadellangelo.gr\/de\/wp-json\/wp\/v2\/pages"}],"about":[{"href":"https:\/\/villadellangelo.gr\/de\/wp-json\/wp\/v2\/types\/page"}],"author":[{"embeddable":true,"href":"https:\/\/villadellangelo.gr\/de\/wp-json\/wp\/v2\/users\/1"}],"replies":[{"embeddable":true,"href":"https:\/\/villadellangelo.gr\/de\/wp-json\/wp\/v2\/comments?post=1296"}],"version-history":[{"count":1,"href":"https:\/\/villadellangelo.gr\/de\/wp-json\/wp\/v2\/pages\/1296\/revisions"}],"predecessor-version":[{"id":1320,"href":"https:\/\/villadellangelo.gr\/de\/wp-json\/wp\/v2\/pages\/1296\/revisions\/1320"}],"wp:attachment":[{"href":"https:\/\/villadellangelo.gr\/de\/wp-json\/wp\/v2\/media?parent=1296"}],"curies":[{"name":"wp","href":"https:\/\/api.w.org\/{rel}","templated":true}]}}