{"id":1293,"date":"2016-04-12T15:45:49","date_gmt":"2016-04-12T15:45:49","guid":{"rendered":"http:\/\/villadellangelo.gr\/the-island-2\/"},"modified":"2017-07-19T14:50:19","modified_gmt":"2017-07-19T14:50:19","slug":"die-insel","status":"publish","type":"page","link":"https:\/\/villadellangelo.gr\/de\/die-insel\/","title":{"rendered":"DIE INSEL"},"content":{"rendered":"<div class=\"wpb-content-wrapper\"><p>[vc_row row_type=&#8220;row&#8220; use_row_as_full_screen_section=&#8220;no&#8220; type=&#8220;grid&#8220; angled_section=&#8220;no&#8220; text_align=&#8220;left&#8220; background_image_as_pattern=&#8220;without_pattern&#8220; padding_top=&#8220;120&#8243; padding_bottom=&#8220;60&#8243; css_animation=&#8220;&#8220;][vc_column][vc_column_text]<\/p>\n<h2 style=\"text-align: center;\">DIE INSEL<\/h2>\n<p>&nbsp;<\/p>\n<p style=\"text-align: center;\">Skiathos ist eine kleine griechische Insel im Nordwesten der \u00c4g\u00e4is. Skiathos ist die westlichste Insel der N\u00f6rdlichen Sporaden Gruppe, \u00f6stlich der Pilion Halbinsel in Magnesia auf dem Festland, und westlich von der Insel Skopelos.<\/p>\n<p>[\/vc_column_text][vc_empty_space height=&#8220;64px&#8220;][vc_row_inner row_type=&#8220;row&#8220; type=&#8220;full_width&#8220; text_align=&#8220;left&#8220; padding_bottom=&#8220;60&#8243; css_animation=&#8220;&#8220;][vc_column_inner offset=&#8220;vc_col-lg-6 vc_col-md-6 vc_col-xs-12&#8243;][vc_single_image image=&#8220;376&#8243; img_size=&#8220;full&#8220; qode_css_animation=&#8220;element_from_left&#8220; transition_delay=&#8220;1&#8243;][vc_empty_space][\/vc_column_inner][vc_column_inner offset=&#8220;vc_col-lg-6 vc_col-md-6 vc_col-xs-12&#8243;][vc_column_text]<\/p>\n<h4>DIE STADT SKIATHOS (HORA)<\/h4>\n<p>&nbsp;<\/p>\n<p>Die Stadt Skiathos ist die einzige bebaute Fl\u00e4che der Insel. Sie ist auf der s\u00fcd\u00f6stlichen Spitze der Insel in einer windstillen Bucht erbaut, welche die Insel Bourtzi in zwei Teile trennt. Es ist eine relativ neue Siedlung, in den Jahren 1829 \u2013 1830 auf dem Gel\u00e4nde der antiken Stadt gebaut, auf zwei am Rande des Meeres gelegenen H\u00fcgeln. Die alte Siedlung wurde im Jahre 800 v. Chr. erbaut. Der gro\u00dfe Naturhafen der modernen Stadt ist ideal in Form und Lage. Dies war ein grundlegendes Element das Leben auf der Insel zu regulieren, sowohl in der alten als auch in der modernen Zeit.<\/p>\n<p>&nbsp;<\/p>\n<p>Der gro\u00dfe Naturhafen der modernen Stadt ist ideal in Form und Lage. Dies war ein grundlegendes Element bei der Regulierung des Lebens auf der Insel sowohl in der alten als auch in der modernen Zeit. In der modernen Stadt Skiathos sind die H\u00e4user klein und einfach, die meisten mit zwei Etagen und amphitheatralisch nebeneinander gebaut. Die Stra\u00dfen sind schmal ohne irgendeine typische Planung abgesehen von wenigen Teilen in der Stadt.[\/vc_column_text][vc_empty_space][\/vc_column_inner][\/vc_row_inner][vc_row_inner row_type=&#8220;row&#8220; type=&#8220;full_width&#8220; text_align=&#8220;left&#8220; padding_bottom=&#8220;60&#8243; css_animation=&#8220;&#8220;][vc_column_inner offset=&#8220;vc_col-lg-6 vc_col-md-6 vc_col-xs-12&#8243;][vc_column_text]<\/p>\n<h4>SKIATHOS &#8218;GESCHICHTE<\/h4>\n<p>&nbsp;<\/p>\n<p>In der Antike spielte die Insel eine untergeordnete Rolle w\u00e4hrend der Perserkriege. Im Jahr 480 v. Chr. geriet die Flotte des persischen K\u00f6nig Xerxes in einen Sturm und wurde auf den Felsen der K\u00fcste Skiathos schwer besch\u00e4digt.<br \/>\nDaraufhin blockierte die griechische Flotte die angrenzenden Meere, um zu verhindern, dass die Perser aufs Festland eindringen und die Armee versorgen, die 300 Spartanern bei der Verteidigung des Pass Thermopylae gegen\u00fcber stand. Die persische Flotte wurde dort bei Artemisium besiegt und schlie\u00dflich in der Schlacht von Salamis ein Jahr sp\u00e4ter zerst\u00f6rt. Skiathos verblieb in der Delian Liga , bis es seine Unabh\u00e4ngigkeit verlor. Die Stadt wurde von Philip V von Macedon in 200 v. Chr. zerst\u00f6rt.<\/p>\n<div class=\"thumb tright\">\n<div class=\"thumbinner\">\n<div class=\"thumbcaption\">\n<p>&nbsp;<\/p>\n<\/div>\n<\/div>\n<\/div>\n<p>[\/vc_column_text][vc_empty_space][\/vc_column_inner][vc_column_inner offset=&#8220;vc_col-lg-6 vc_col-md-6 vc_col-xs-12&#8243;][vc_single_image image=&#8220;380&#8243; img_size=&#8220;full&#8220; qode_css_animation=&#8220;element_from_right&#8220; transition_delay=&#8220;1&#8243;][vc_empty_space][\/vc_column_inner][\/vc_row_inner][vc_row_inner row_type=&#8220;row&#8220; type=&#8220;full_width&#8220; text_align=&#8220;left&#8220; padding_bottom=&#8220;60&#8243; css_animation=&#8220;&#8220;][vc_column_inner offset=&#8220;vc_col-lg-6 vc_col-md-6 vc_col-xs-12&#8243;][vc_single_image image=&#8220;386&#8243; img_size=&#8220;full&#8220; qode_css_animation=&#8220;element_from_left&#8220; transition_delay=&#8220;1&#8243;][vc_empty_space][\/vc_column_inner][vc_column_inner offset=&#8220;vc_col-lg-6 vc_col-md-6 vc_col-xs-12&#8243;][vc_column_text]<\/p>\n<h4>DIE ARCHITEKTUR VON SKIATHOS<\/h4>\n<p>&nbsp;<\/p>\n<p>Die regionale traditionelle Architektur von Skiathos, die heute immer mehr verschwindet, hat keinen strengen Inselcharakter. Im Gegenteil, es ist eine Kombination aus einem Dorf in Pelio und einem Inseldorf mit neoklassizistischen Elementen.<\/p>\n<p>&nbsp;<\/p>\n<p>Sicher, alle diese Elemente sind durch die Mentalit\u00e4t, den Vorlieben und Bed\u00fcrfnissen der Einheimischen beeinflusst. Die meisten H\u00e4user sind klein, nahe beieinander und mit zwei Etagen erbaut. Sie sind aus Stein, w\u00e4hrend ihre Au\u00dfenw\u00e4nde wei\u00df get\u00fcncht sind. Es gibt haupts\u00e4chlich zwei Arten von H\u00e4usern, l\u00e4ndliche und Herren-H\u00e4user.[\/vc_column_text][vc_empty_space][\/vc_column_inner][\/vc_row_inner][vc_row_inner row_type=&#8220;row&#8220; type=&#8220;full_width&#8220; text_align=&#8220;left&#8220; padding_bottom=&#8220;60&#8243; css_animation=&#8220;&#8220;][vc_column_inner offset=&#8220;vc_col-lg-6 vc_col-md-6 vc_col-xs-12&#8243;][vc_column_text]<\/p>\n<h4>PAPADIAMANTIS VON SKIATHOS<\/h4>\n<p>&nbsp;<\/p>\n<p>Die Arbeit von Alexandros Papadiamantis, die heute international anerkannt ist, wurde direkt von seiner Insel beeinflusst; der Insel, auf der er geboren wurde und gestorben ist; der Insel, die er liebte und lobte so sehr wie nichts anderes. Sie wurde auch von den Einwohnern seiner Insel beeinflusst, deren Lebensgeschichten er in seinen Schriften neu erschuf und belebte. Er war ein perfekter Beobachter und Student der menschlichen Psychologie und der Moral und Manieren seiner Zeit.<\/p>\n<p>&nbsp;<\/p>\n<p>Sein unvergleichlicher Schreibstil voller Lyrik brachte Meisterwerke von moralischen Romanen im modernen Griechenland hervor. Als Ergebnis erinnert uns sein Name gleich an Skiathos. Zur gleichen Zeit, wenn man das Wort \u201eSkiathos\u201c h\u00f6rt, kommen wir nicht umhin, an diese hervorragende literarische Figur zu denken, deren Pers\u00f6nlichkeit unausl\u00f6schlich seine Insel und seine Arbeit hervorhob.[\/vc_column_text][vc_empty_space][\/vc_column_inner][vc_column_inner width=&#8220;1\/2&#8243;][vc_single_image image=&#8220;388&#8243; img_size=&#8220;full&#8220; qode_css_animation=&#8220;element_from_right&#8220; transition_delay=&#8220;1&#8243;][vc_empty_space][\/vc_column_inner][\/vc_row_inner][\/vc_column][\/vc_row][vc_row row_type=&#8220;row&#8220; use_row_as_full_screen_section=&#8220;no&#8220; type=&#8220;full_width&#8220; angled_section=&#8220;no&#8220; text_align=&#8220;left&#8220; background_image_as_pattern=&#8220;without_pattern&#8220; css_animation=&#8220;&#8220;][vc_column][vc_column_text]<\/p>\n<p>[\/vc_column_text][\/vc_column][\/vc_row]<\/p>\n<\/div>","protected":false},"excerpt":{"rendered":"<p>[vc_row row_type=&#8220;row&#8220; use_row_as_full_screen_section=&#8220;no&#8220; type=&#8220;grid&#8220; angled_section=&#8220;no&#8220; text_align=&#8220;left&#8220; background_image_as_pattern=&#8220;without_pattern&#8220; padding_top=&#8220;120&#8243; padding_bottom=&#8220;60&#8243; css_animation=&#8220;&#8220;][vc_column][vc_column_text] DIE INSEL &nbsp; Skiathos ist eine kleine griechische Insel im Nordwesten der \u00c4g\u00e4is. Skiathos ist die westlichste Insel der N\u00f6rdlichen Sporaden Gruppe, \u00f6stlich der Pilion Halbinsel in Magnesia auf dem Festland, und westlich von der&#8230;<\/p>\n","protected":false},"author":1,"featured_media":0,"parent":0,"menu_order":0,"comment_status":"closed","ping_status":"closed","template":"","meta":{"footnotes":""},"class_list":["post-1293","page","type-page","status-publish","hentry"],"_links":{"self":[{"href":"https:\/\/villadellangelo.gr\/de\/wp-json\/wp\/v2\/pages\/1293","targetHints":{"allow":["GET"]}}],"collection":[{"href":"https:\/\/villadellangelo.gr\/de\/wp-json\/wp\/v2\/pages"}],"about":[{"href":"https:\/\/villadellangelo.gr\/de\/wp-json\/wp\/v2\/types\/page"}],"author":[{"embeddable":true,"href":"https:\/\/villadellangelo.gr\/de\/wp-json\/wp\/v2\/users\/1"}],"replies":[{"embeddable":true,"href":"https:\/\/villadellangelo.gr\/de\/wp-json\/wp\/v2\/comments?post=1293"}],"version-history":[{"count":1,"href":"https:\/\/villadellangelo.gr\/de\/wp-json\/wp\/v2\/pages\/1293\/revisions"}],"predecessor-version":[{"id":1321,"href":"https:\/\/villadellangelo.gr\/de\/wp-json\/wp\/v2\/pages\/1293\/revisions\/1321"}],"wp:attachment":[{"href":"https:\/\/villadellangelo.gr\/de\/wp-json\/wp\/v2\/media?parent=1293"}],"curies":[{"name":"wp","href":"https:\/\/api.w.org\/{rel}","templated":true}]}}