{"id":1290,"date":"2016-04-12T14:10:53","date_gmt":"2016-04-12T14:10:53","guid":{"rendered":"http:\/\/villadellangelo.gr\/skiathos-2\/"},"modified":"2017-07-19T14:50:19","modified_gmt":"2017-07-19T14:50:19","slug":"skiathos-insel","status":"publish","type":"page","link":"https:\/\/villadellangelo.gr\/de\/skiathos-insel\/","title":{"rendered":"SKIATHOS"},"content":{"rendered":"<div class=\"wpb-content-wrapper\"><p>[vc_row row_type=&#8220;row&#8220; use_row_as_full_screen_section=&#8220;no&#8220; type=&#8220;grid&#8220; angled_section=&#8220;no&#8220; text_align=&#8220;left&#8220; background_image_as_pattern=&#8220;without_pattern&#8220; padding_top=&#8220;120&#8243; padding_bottom=&#8220;60&#8243; css_animation=&#8220;&#8220;][vc_column][vc_column_text]<\/p>\n<h2 style=\"text-align: center;\">ALLES, WAS SIE \u00dcBER SKIATHOS WISSEN M\u00dcSSEN<\/h2>\n<p>&nbsp;<\/p>\n<p style=\"text-align: center;\">Die kosmopolitische Insel auf den n\u00f6rdlichen Sporaden (sie deckt eine Fl\u00e4che von 45 Quadratkilometern ab und ist f\u00fcr Tausende von Touristen nur in ein paar Jahren zum Spitzen-Urlaubsort geworden. Sie kann vom Volos Hafen (41 n.m.) mit dem Boot erreicht werden und es ist ein internationales Reiseziel f\u00fcr Touristen.<\/p>\n<p style=\"text-align: center;\">Der herrliche Wald von Koukounaries, direkt am Meer gelegen, der ber\u00fchmte Bananenstrand und sein zauberhafter Sonnenuntergang und die Feuchtgebiete der Strofylia-Lagune rauben einem einfach den Atem. Skiathos wird f\u00fcr hei\u00dfe Sommerferien angeboten, vor allem f\u00fcr junge Leute, mit seinem besonderen Nachtleben, sowie f\u00fcr Menschen, die Entspannung suchen.<a class=\"superscript-ext-link\" title=\"external link location\" href=\"http:\/\/enjoythessaly.com\/destinations\/north-sporades\/skiathos\" target=\"_blank\" rel=\"noopener\"><sup>enjoythessaly.com<\/sup><\/a>.<\/p>\n<p>[\/vc_column_text][\/vc_column][\/vc_row][vc_row row_type=&#8220;row&#8220; use_row_as_full_screen_section=&#8220;no&#8220; type=&#8220;grid&#8220; angled_section=&#8220;no&#8220; text_align=&#8220;left&#8220; background_image_as_pattern=&#8220;without_pattern&#8220; padding_bottom=&#8220;60&#8243; css_animation=&#8220;&#8220;][vc_column]<div class='cover_boxes' data-active-element='1'><ul class='clearfix'><li><div class='box'><a itemprop='url' class='thumb' href='\/de\/die-insel' target='_self'><img itemprop='image' alt='Skiathos' src='https:\/\/villadellangelo.gr\/wp-content\/uploads\/2016\/04\/skiathos-cover-box.png' \/><\/a><div class='box_content'><h3 style=&#039;color:#284b76&#039;>Skiathos<\/h3><p style=&#039;color:#284b76&#039;>Skiathos ist eine kleine griechische Insel im Nordwesten der \u00c4g\u00e4is. Skiathos ist die westlichste Insel der N\u00f6rdlichen Sporaden-Gruppe \u2026<\/p><a itemprop='url' class='qbutton tiny' href='\/de\/die-insel' target='_self'>WEITERLESEN<\/a><\/div><\/div><\/li><li><div class='box'><a itemprop='url' class='thumb' href='\/de\/die-strande' target='_self'><img itemprop='image' alt='STR\u00c4NDE' src='https:\/\/villadellangelo.gr\/wp-content\/uploads\/2016\/04\/beaches-cover-box.png' \/><\/a><div class='box_content'><h3 style=&#039;color:#284b76&#039;>STR\u00c4NDE<\/h3><p style=&#039;color:#284b76&#039;>Die kosmopolitische Insel auf den n\u00f6rdlichen Sporaden (mit einer Fl\u00e4che von 45 Quadratkilometern ist das Top-Ziel f\u00fcr Tausende von Touristen in nur wenigen Jahren. Sie kann erreicht werden\u2026<\/p><a itemprop='url' class='qbutton tiny' href='\/de\/die-strande' target='_self'>WEITERLESEN<\/a><\/div><\/div><\/li><li><div class='box'><a itemprop='url' class='thumb' href='\/de\/ausfluge' target='_self'><img itemprop='image' alt='AUSFL\u00dcGE' src='https:\/\/villadellangelo.gr\/wp-content\/uploads\/2016\/04\/routes-cover-box.png' \/><\/a><div class='box_content'><h3 style=&#039;color:#284b76&#039;>AUSFL\u00dcGE<\/h3><p style=&#039;color:#284b76&#039;>Von den Villa dell&#039;Angelo Studios &amp; Apartments am Kolios Strand k\u00f6nnen Sie - in kurzer Zeit - zu allen sch\u00f6nen Str\u00e4nden des S\u00fcdens und \u00f6stlich der Insel\u2026<\/p><a itemprop='url' class='qbutton tiny' href='\/de\/ausfluge' target='_self'>WEITERLESEN<\/a><\/div><\/div><\/li><\/ul><\/div>[vc_empty_space height=&#8220;12px&#8220;]<div class='cover_boxes' data-active-element='2'><ul class='clearfix'><li><div class='box'><a itemprop='url' class='thumb' href='\/de\/sport' target='_self'><img itemprop='image' alt='SPORT' src='https:\/\/villadellangelo.gr\/wp-content\/uploads\/2016\/04\/activities-cover-box.png' \/><\/a><div class='box_content'><h3 style=&#039;color:#284b76&#039;>SPORT<\/h3><p style=&#039;color:#284b76&#039;>Skiathos bietet eine Vielzahl von Aktivit\u00e4ten wie Wassersport, Trekking, Tauchen, Angeln, Reiten, Segeln, Berg ...<\/p><a itemprop='url' class='qbutton tiny' href='\/de\/sport' target='_self'>WEITERLESEN<\/a><\/div><\/div><\/li><li><div class='box'><a itemprop='url' class='thumb' href='\/de\/transport' target='_self'><img itemprop='image' alt='TRANSPORT' src='https:\/\/villadellangelo.gr\/wp-content\/uploads\/2016\/04\/transportation-cover-box.png' \/><\/a><div class='box_content'><h3 style=&#039;color:#284b76&#039;>TRANSPORT<\/h3><p style=&#039;color:#284b76&#039;>Die Insel Skiathos hat rund 20 Taxis, die t\u00e4glich 24 Stunden verf\u00fcgbar sind und werden Sie \u00fcberall mit hinnehmen, Busse tun das nicht. Der Taxi-Standpunkt befindet sich am Hafen...<\/p><a itemprop='url' class='qbutton tiny' href='\/de\/transport' target='_self'>WEITERLESEN<\/a><\/div><\/div><\/li><li><div class='box'><a itemprop='url' class='thumb' href='\/de\/sehenswurdigkeiten' target='_self'><img itemprop='image' alt='SEHENSW\u00dcRDIGKEITEN' src='https:\/\/villadellangelo.gr\/wp-content\/uploads\/2016\/04\/sightseeing-cover-box.png' \/><\/a><div class='box_content'><h3 style=&#039;color:#284b76&#039;>SEHENSW\u00dcRDIGKEITEN<\/h3><p style=&#039;color:#284b76&#039;>Touristen k\u00f6nnen Flecken wie das Haus des gro\u00dfen griechischen Autors Alexandros Papadiamantis, Bourtzi, das Schloss von Skiathos sowie die traditionellen griechisch-orthodoxen Kirchen besuchen\u2026<\/p><a itemprop='url' class='qbutton tiny' href='\/de\/sehenswurdigkeiten' target='_self'>WEITERLESEN<\/a><\/div><\/div><\/li><\/ul><\/div>[\/vc_column][\/vc_row][vc_row row_type=&#8220;row&#8220; use_row_as_full_screen_section=&#8220;no&#8220; type=&#8220;full_width&#8220; angled_section=&#8220;no&#8220; text_align=&#8220;left&#8220; background_image_as_pattern=&#8220;without_pattern&#8220; css_animation=&#8220;&#8220;][vc_column][vc_column_text]<\/p>\n<p>[\/vc_column_text][\/vc_column][\/vc_row]<\/p>\n<\/div>","protected":false},"excerpt":{"rendered":"<p>[vc_row row_type=&#8220;row&#8220; use_row_as_full_screen_section=&#8220;no&#8220; type=&#8220;grid&#8220; angled_section=&#8220;no&#8220; text_align=&#8220;left&#8220; background_image_as_pattern=&#8220;without_pattern&#8220; padding_top=&#8220;120&#8243; padding_bottom=&#8220;60&#8243; css_animation=&#8220;&#8220;][vc_column][vc_column_text] ALLES, WAS SIE \u00dcBER SKIATHOS WISSEN M\u00dcSSEN &nbsp; Die kosmopolitische Insel auf den n\u00f6rdlichen Sporaden (sie deckt eine Fl\u00e4che von 45 Quadratkilometern ab und ist f\u00fcr Tausende von Touristen nur in ein paar Jahren zum&#8230;<\/p>\n","protected":false},"author":1,"featured_media":0,"parent":0,"menu_order":0,"comment_status":"closed","ping_status":"closed","template":"","meta":{"footnotes":""},"class_list":["post-1290","page","type-page","status-publish","hentry"],"_links":{"self":[{"href":"https:\/\/villadellangelo.gr\/de\/wp-json\/wp\/v2\/pages\/1290","targetHints":{"allow":["GET"]}}],"collection":[{"href":"https:\/\/villadellangelo.gr\/de\/wp-json\/wp\/v2\/pages"}],"about":[{"href":"https:\/\/villadellangelo.gr\/de\/wp-json\/wp\/v2\/types\/page"}],"author":[{"embeddable":true,"href":"https:\/\/villadellangelo.gr\/de\/wp-json\/wp\/v2\/users\/1"}],"replies":[{"embeddable":true,"href":"https:\/\/villadellangelo.gr\/de\/wp-json\/wp\/v2\/comments?post=1290"}],"version-history":[{"count":1,"href":"https:\/\/villadellangelo.gr\/de\/wp-json\/wp\/v2\/pages\/1290\/revisions"}],"predecessor-version":[{"id":1324,"href":"https:\/\/villadellangelo.gr\/de\/wp-json\/wp\/v2\/pages\/1290\/revisions\/1324"}],"wp:attachment":[{"href":"https:\/\/villadellangelo.gr\/de\/wp-json\/wp\/v2\/media?parent=1290"}],"curies":[{"name":"wp","href":"https:\/\/api.w.org\/{rel}","templated":true}]}}