{"id":1282,"date":"2016-04-12T14:00:15","date_gmt":"2016-04-12T14:00:15","guid":{"rendered":"http:\/\/villadellangelo.gr\/amenities-2\/"},"modified":"2018-06-25T15:59:30","modified_gmt":"2018-06-25T15:59:30","slug":"ausstattung","status":"publish","type":"page","link":"https:\/\/villadellangelo.gr\/de\/ausstattung\/","title":{"rendered":"AUSSTATTUNG"},"content":{"rendered":"<div class=\"wpb-content-wrapper\"><p>[vc_row row_type=&#8220;row&#8220; use_row_as_full_screen_section=&#8220;no&#8220; type=&#8220;grid&#8220; angled_section=&#8220;no&#8220; text_align=&#8220;left&#8220; background_image_as_pattern=&#8220;without_pattern&#8220; padding_top=&#8220;120&#8243; padding_bottom=&#8220;60&#8243; css_animation=&#8220;&#8220;][vc_column][vc_column_text]<\/p>\n<h2>AUSSTATTUNG<\/h2>\n<p>&nbsp;<\/p>\n<p id=\"tw-target-text\" dir=\"ltr\" data-placeholder=\"Translation\"><span lang=\"en\">In den \u00f6ffentlichen Bereichen des Komplexes finden Sie einen Spielplatz f\u00fcr die kleinen G\u00e4ste, einen Tennisplatz, einen Pool und einen privaten Parkplatz von einem sch\u00f6nen Garten voller Blumen umgeben. Die Umgebung um den Pool herum ist der ideale Ort zum Entspannen und genie\u00dfen Sie einen Drink an der Poolbar.<\/span><\/p>\n<p>&nbsp;<\/p>\n<p dir=\"ltr\" data-placeholder=\"Translation\"><span lang=\"en\">In der Nachbarschaft befindet sich ein lokales Restaurant, eine traditionelle Taverne, ein Minimarkt sowie die N. 14 Bushaltestelle am Eingang des Komplexes und bietet so dem Gast einen einfachen und schnellen Zugang zu den sch\u00f6nsten Str\u00e4nden von Skiathos.<\/span><\/p>\n<p>[\/vc_column_text][\/vc_column][\/vc_row][vc_row row_type=&#8220;row&#8220; use_row_as_full_screen_section=&#8220;no&#8220; type=&#8220;grid&#8220; angled_section=&#8220;no&#8220; text_align=&#8220;left&#8220; background_image_as_pattern=&#8220;without_pattern&#8220; padding_bottom=&#8220;60&#8243; css_animation=&#8220;&#8220;][vc_column offset=&#8220;vc_col-lg-6 vc_col-md-6 vc_col-xs-12&#8243;][vc_single_image image=&#8220;662&#8243; img_size=&#8220;medium&#8220; onclick=&#8220;img_link_large&#8220; img_link_target=&#8220;_blank&#8220; qode_css_animation=&#8220;element_from_fade&#8220; transition_delay=&#8220;1&#8243;][\/vc_column][vc_column offset=&#8220;vc_col-lg-3 vc_col-md-3 vc_col-xs-12&#8243;][vc_column_text el_class=&#8220;studio-amenities-list&#8220;]<\/p>\n<h4 class=\"text-needed\">HOTEL EINRICHTUNGEN<\/h4>\n<p>&nbsp;<\/p>\n<ul class=\"text-needed\">\n<li><img loading=\"lazy\" decoding=\"async\" class=\"alignnone size-full wp-image-351\" src=\"http:\/\/villadellangelo.gr\/wp-content\/uploads\/2016\/04\/bar-icon.png\" alt=\"beer glass icon\" width=\"20\" height=\"20\" \/>\u00a0Bar \/ Lounge<\/li>\n<li><img loading=\"lazy\" decoding=\"async\" class=\"alignnone size-full wp-image-352\" src=\"http:\/\/villadellangelo.gr\/wp-content\/uploads\/2016\/04\/parking-icon.png\" alt=\"parking sign icon\" width=\"20\" height=\"20\" \/> Kostenfreie Parkpl\u00e4tze<\/li>\n<li><img loading=\"lazy\" decoding=\"async\" class=\"alignnone size-full wp-image-353\" src=\"http:\/\/villadellangelo.gr\/wp-content\/uploads\/2016\/04\/garden-icon.png\" alt=\"flower pot icon\" width=\"20\" height=\"20\" \/> Garten<\/li>\n<li><img loading=\"lazy\" decoding=\"async\" class=\"alignnone size-full wp-image-354\" src=\"http:\/\/villadellangelo.gr\/wp-content\/uploads\/2016\/04\/wifi-icon.png\" alt=\"wi-fi accesibility icon\" width=\"20\" height=\"20\" \/> Kostenfreies WLAN<\/li>\n<li><img loading=\"lazy\" decoding=\"async\" class=\"alignnone size-full wp-image-356\" src=\"http:\/\/villadellangelo.gr\/wp-content\/uploads\/2016\/04\/pool-icon.png\" alt=\"swimming icon\" width=\"20\" height=\"20\" \/> Pool<\/li>\n<li><img loading=\"lazy\" decoding=\"async\" class=\"alignnone size-full wp-image-357\" src=\"http:\/\/villadellangelo.gr\/wp-content\/uploads\/2016\/04\/tennis-icon.png\" alt=\"tennis racket and ball icon\" width=\"20\" height=\"20\" \/> Tennisplatz<\/li>\n<li><img loading=\"lazy\" decoding=\"async\" class=\"alignnone size-full wp-image-358\" src=\"http:\/\/villadellangelo.gr\/wp-content\/uploads\/2016\/04\/ticket-icon.png\" alt=\"ticket icon\" width=\"20\" height=\"20\" \/> Ausfl\u00fcge\/Tickets Unterst\u00fctzung<\/li>\n<li><img loading=\"lazy\" decoding=\"async\" class=\"alignnone size-full wp-image-359\" src=\"http:\/\/villadellangelo.gr\/wp-content\/uploads\/2016\/04\/wheelchair-icon.png\" alt=\"man in wheelchair icon\" width=\"20\" height=\"20\" \/> Zugang f\u00fcr Rollst\u00fchle<\/li>\n<\/ul>\n<p>[\/vc_column_text][\/vc_column][vc_column offset=&#8220;vc_col-lg-3 vc_col-md-3 vc_col-xs-12&#8243;][vc_column_text el_class=&#8220;studio-amenities-list&#8220;]<\/p>\n<h4 class=\"text-needed\">STUDIOS EINRICHTUNGEN<\/h4>\n<p>&nbsp;<\/p>\n<ul class=\"text-needed\">\n<li><img loading=\"lazy\" decoding=\"async\" class=\"alignnone size-full wp-image-260\" src=\"http:\/\/villadellangelo.gr\/wp-content\/uploads\/2016\/04\/air-condition-icon.png\" alt=\"air condition fan icon\" width=\"20\" height=\"20\" \/> Klimaanlage<\/li>\n<li><img loading=\"lazy\" decoding=\"async\" class=\"alignnone size-full wp-image-261\" src=\"http:\/\/villadellangelo.gr\/wp-content\/uploads\/2016\/04\/balcony-icon.png\" alt=\"fence icon\" width=\"20\" height=\"20\" \/> Balkon oder Terrasse<\/li>\n<li><img loading=\"lazy\" decoding=\"async\" class=\"alignnone size-full wp-image-267\" src=\"http:\/\/villadellangelo.gr\/wp-content\/uploads\/2016\/04\/shower-icon.png\" alt=\"shower head icon\" width=\"20\" height=\"20\" \/> Dusche<\/li>\n<li><img loading=\"lazy\" decoding=\"async\" class=\"alignnone size-full wp-image-266\" src=\"http:\/\/villadellangelo.gr\/wp-content\/uploads\/2016\/04\/satellite-icon.png\" alt=\"satellite dish icon\" width=\"20\" height=\"20\" \/> Satelliten Fernsehen<\/li>\n<li><img loading=\"lazy\" decoding=\"async\" class=\"alignnone size-full wp-image-265\" src=\"http:\/\/villadellangelo.gr\/wp-content\/uploads\/2016\/04\/safe-icon.png\" alt=\"safe deposit box icon\" width=\"20\" height=\"20\" \/> Safe<\/li>\n<li><img loading=\"lazy\" decoding=\"async\" class=\"alignnone size-full wp-image-264\" src=\"http:\/\/villadellangelo.gr\/wp-content\/uploads\/2016\/04\/kitchen-icon.png\" alt=\"spoon, fork &amp; knife icon\" width=\"20\" height=\"20\" \/> K\u00fcche<\/li>\n<li><img loading=\"lazy\" decoding=\"async\" class=\"alignnone size-full wp-image-263\" src=\"http:\/\/villadellangelo.gr\/wp-content\/uploads\/2016\/04\/kitchenette-icon.png\" alt=\"fork &amp; knife icon\" width=\"20\" height=\"20\" \/> Kochnische<\/li>\n<li><img loading=\"lazy\" decoding=\"async\" class=\"alignnone size-full wp-image-262\" src=\"http:\/\/villadellangelo.gr\/wp-content\/uploads\/2016\/04\/fridge-icon.png\" alt=\"fridge icon\" width=\"20\" height=\"20\" \/> K\u00fchlschrank<\/li>\n<\/ul>\n<p>[\/vc_column_text][\/vc_column][\/vc_row][vc_row row_type=&#8220;row&#8220; use_row_as_full_screen_section=&#8220;no&#8220; type=&#8220;full_width&#8220; angled_section=&#8220;no&#8220; text_align=&#8220;left&#8220; background_image_as_pattern=&#8220;without_pattern&#8220; css_animation=&#8220;&#8220;][vc_column][vc_column_text]<\/p>\n<p>[\/vc_column_text][\/vc_column][\/vc_row]<\/p>\n<\/div>","protected":false},"excerpt":{"rendered":"<p>[vc_row row_type=&#8220;row&#8220; use_row_as_full_screen_section=&#8220;no&#8220; type=&#8220;grid&#8220; angled_section=&#8220;no&#8220; text_align=&#8220;left&#8220; background_image_as_pattern=&#8220;without_pattern&#8220; padding_top=&#8220;120&#8243; padding_bottom=&#8220;60&#8243; css_animation=&#8220;&#8220;][vc_column][vc_column_text] AUSSTATTUNG &nbsp; In den \u00f6ffentlichen Bereichen des Komplexes finden Sie einen Spielplatz f\u00fcr die kleinen G\u00e4ste, einen Tennisplatz, einen Pool und einen privaten Parkplatz von einem sch\u00f6nen Garten voller Blumen umgeben. Die Umgebung um den&#8230;<\/p>\n","protected":false},"author":1,"featured_media":0,"parent":0,"menu_order":0,"comment_status":"closed","ping_status":"closed","template":"","meta":{"footnotes":""},"class_list":["post-1282","page","type-page","status-publish","hentry"],"_links":{"self":[{"href":"https:\/\/villadellangelo.gr\/de\/wp-json\/wp\/v2\/pages\/1282","targetHints":{"allow":["GET"]}}],"collection":[{"href":"https:\/\/villadellangelo.gr\/de\/wp-json\/wp\/v2\/pages"}],"about":[{"href":"https:\/\/villadellangelo.gr\/de\/wp-json\/wp\/v2\/types\/page"}],"author":[{"embeddable":true,"href":"https:\/\/villadellangelo.gr\/de\/wp-json\/wp\/v2\/users\/1"}],"replies":[{"embeddable":true,"href":"https:\/\/villadellangelo.gr\/de\/wp-json\/wp\/v2\/comments?post=1282"}],"version-history":[{"count":2,"href":"https:\/\/villadellangelo.gr\/de\/wp-json\/wp\/v2\/pages\/1282\/revisions"}],"predecessor-version":[{"id":1568,"href":"https:\/\/villadellangelo.gr\/de\/wp-json\/wp\/v2\/pages\/1282\/revisions\/1568"}],"wp:attachment":[{"href":"https:\/\/villadellangelo.gr\/de\/wp-json\/wp\/v2\/media?parent=1282"}],"curies":[{"name":"wp","href":"https:\/\/api.w.org\/{rel}","templated":true}]}}